{"id":6660,"date":"2022-09-30T13:55:36","date_gmt":"2022-09-30T13:55:36","guid":{"rendered":"https:\/\/ageworth.com\/acerca-de-ageworth\/"},"modified":"2025-09-18T16:55:48","modified_gmt":"2025-09-18T16:55:48","slug":"acerca-de-ageworth","status":"publish","type":"page","link":"https:\/\/ageworth.com\/es\/acerca-de-ageworth\/","title":{"rendered":"Acerca de Ageworth"},"content":{"rendered":"\t\t<div data-elementor-type=\"wp-page\" data-elementor-id=\"6660\" class=\"elementor elementor-6660 elementor-1182\" data-elementor-post-type=\"page\">\n\t\t\t\t\t\t<section class=\"elementor-section elementor-top-section elementor-element elementor-element-db7c82b elementor-hidden-desktop elementor-hidden-tablet elementor-hidden-mobile elementor-section-boxed elementor-section-height-default elementor-section-height-default\" data-id=\"db7c82b\" data-element_type=\"section\" data-e-type=\"section\" data-settings=\"{&quot;jet_parallax_layout_list&quot;:[]}\">\n\t\t\t\t\t\t<div class=\"elementor-container elementor-column-gap-no\">\n\t\t\t\t\t<div class=\"elementor-column elementor-col-100 elementor-top-column elementor-element elementor-element-16a5987\" data-id=\"16a5987\" data-element_type=\"column\" data-e-type=\"column\">\n\t\t\t<div class=\"elementor-widget-wrap elementor-element-populated\">\n\t\t\t\t\t\t<div class=\"elementor-element elementor-element-e4cab64 elementor-widget elementor-widget-heading\" data-id=\"e4cab64\" data-element_type=\"widget\" data-e-type=\"widget\" data-widget_type=\"heading.default\">\n\t\t\t\t<div class=\"elementor-widget-container\">\n\t\t\t\t\t<h1 class=\"elementor-heading-title elementor-size-default\">Acerca de AgeWorth<\/h1>\t\t\t\t<\/div>\n\t\t\t\t<\/div>\n\t\t\t\t\t<\/div>\n\t\t<\/div>\n\t\t\t\t\t<\/div>\n\t\t<\/section>\n\t\t\t\t<section class=\"elementor-section elementor-top-section elementor-element elementor-element-11756c3 elementor-hidden-desktop elementor-hidden-tablet elementor-hidden-mobile elementor-section-boxed elementor-section-height-default elementor-section-height-default\" data-id=\"11756c3\" data-element_type=\"section\" data-e-type=\"section\" data-settings=\"{&quot;jet_parallax_layout_list&quot;:[]}\">\n\t\t\t\t\t\t<div class=\"elementor-container elementor-column-gap-no\">\n\t\t\t\t\t<div class=\"elementor-column elementor-col-100 elementor-top-column elementor-element elementor-element-58cb006\" data-id=\"58cb006\" data-element_type=\"column\" data-e-type=\"column\">\n\t\t\t<div class=\"elementor-widget-wrap elementor-element-populated\">\n\t\t\t\t<div class=\"elementor-element elementor-element-e315835 e-flex e-con-boxed e-con e-parent\" data-id=\"e315835\" data-element_type=\"container\" data-e-type=\"container\" data-settings=\"{&quot;background_background&quot;:&quot;classic&quot;,&quot;jet_parallax_layout_list&quot;:[]}\">\n\t\t\t\t\t<div class=\"e-con-inner\">\n\t\t\t\t<div class=\"elementor-element elementor-element-97551ec elementor-widget elementor-widget-image\" data-id=\"97551ec\" data-element_type=\"widget\" data-e-type=\"widget\" data-widget_type=\"image.default\">\n\t\t\t\t<div class=\"elementor-widget-container\">\n\t\t\t\t\t\t\t\t\t\t\t\t\t\t\t<img fetchpriority=\"high\" decoding=\"async\" width=\"800\" height=\"534\" src=\"https:\/\/ageworth.com\/wp-content\/uploads\/2024\/05\/image00001-1024x683.jpeg\" class=\"attachment-large size-large wp-image-9676\" alt=\"Ageworth Amersfoort\" srcset=\"https:\/\/ageworth.com\/wp-content\/uploads\/2024\/05\/image00001-1024x683.jpeg 1024w, https:\/\/ageworth.com\/wp-content\/uploads\/2024\/05\/image00001-300x200.jpeg 300w, https:\/\/ageworth.com\/wp-content\/uploads\/2024\/05\/image00001-768x512.jpeg 768w, https:\/\/ageworth.com\/wp-content\/uploads\/2024\/05\/image00001-1536x1024.jpeg 1536w, https:\/\/ageworth.com\/wp-content\/uploads\/2024\/05\/image00001-2048x1365.jpeg 2048w\" sizes=\"(max-width: 800px) 100vw, 800px\" \/>\t\t\t\t\t\t\t\t\t\t\t\t\t\t\t<\/div>\n\t\t\t\t<\/div>\n\t\t\t\t\t<\/div>\n\t\t\t\t<\/div>\n\t\t\t\t<div class=\"elementor-element elementor-element-7f00d6e elementor-widget elementor-widget-text-editor\" data-id=\"7f00d6e\" data-element_type=\"widget\" data-e-type=\"widget\" data-widget_type=\"text-editor.default\">\n\t\t\t\t<div class=\"elementor-widget-container\">\n\t\t\t\t\t\t\t\t\t<h2>Acerca de Ageworth<\/h2><p>En Ageworth nos dedicamos a realzar tu belleza natural y a dar un impulso a tu autoestima. Creemos que el cuidado est\u00e9tico va m\u00e1s all\u00e1 de mejorar las apariencias; se trata de crear un aspecto que refleje tu personalidad \u00fanica. Nuestros tratamientos se adaptan cuidadosamente a tus necesidades individuales y se centran en un refinamiento sutil, manteniendo tu individualidad.  <\/p><p>Nuestro enfoque se caracteriza por la personalizaci\u00f3n, la precisi\u00f3n y el m\u00e1ximo nivel de calidad. Cada tratamiento empieza con una conversaci\u00f3n abierta en la que tus deseos son el centro. Combinamos la experiencia m\u00e9dica con un sentido del estilo y la elegancia para lograr resultados no s\u00f3lo visibles, sino tambi\u00e9n tangibles. En Ageworth, t\u00fa como persona siempre eres lo primero.   <\/p><h3>Nuestros especialistas<\/h3><ul><li><p><a href=\"https:\/\/ageworth.com\/es\/acerca-de-ageworth\/especialistas\/david-hamraz\/\"><strong>Dr David Y. Hamraz<\/strong><\/a>: David tiene casi una d\u00e9cada de experiencia en cirug\u00eda est\u00e9tica. Con m\u00e1s de 15.000 tratamientos inyectables y 5.000 correcciones de p\u00e1rpados, domina el arte de las mejoras sutiles que realzan tu belleza natural. <\/p><\/li><li><p><a href=\"https:\/\/ageworth.com\/es\/acerca-de-ageworth\/especialistas\/britt-mesman\/\"><strong>Britt Mesman<\/strong><\/a>Britt Mesman: Con m\u00e1s de 20 a\u00f1os de experiencia y m\u00e1s de 20.000 inyecciones aplicadas, Britt es una especialista registrada en BIG que se centra en obtener resultados seguros y naturales. Su enfoque emp\u00e1tico y su mano firme le hacen ganarse la simpat\u00eda de los clientes que buscan una atenci\u00f3n sofisticada y personalizada. <\/p><\/li><\/ul><p>Ageworth te ofrece un entorno familiar en el que te sentir\u00e1s completamente a gusto. Nuestro lema, <em>\u00abSignificante t\u00fa\u00bb<\/em>, refleja nuestro compromiso de crear transformaciones significativas, tanto por dentro como por fuera. <\/p>\t\t\t\t\t\t\t\t<\/div>\n\t\t\t\t<\/div>\n\t\t\t\t\t<\/div>\n\t\t<\/div>\n\t\t\t\t\t<\/div>\n\t\t<\/section>\n\t\t<div class=\"elementor-element elementor-element-ca67213 e-flex e-con-boxed e-con e-parent\" data-id=\"ca67213\" data-element_type=\"container\" data-e-type=\"container\" data-settings=\"{&quot;jet_parallax_layout_list&quot;:[]}\">\n\t\t\t\t\t<div class=\"e-con-inner\">\n\t\t\t\t<div class=\"elementor-element elementor-element-a0a5811 elementor-widget elementor-widget-heading\" data-id=\"a0a5811\" data-element_type=\"widget\" data-e-type=\"widget\" data-widget_type=\"heading.default\">\n\t\t\t\t<div class=\"elementor-widget-container\">\n\t\t\t\t\t<h1 class=\"elementor-heading-title elementor-size-default\">Acerca de AgeWorth<\/h1>\t\t\t\t<\/div>\n\t\t\t\t<\/div>\n\t\t\t\t<div class=\"elementor-element elementor-element-627d830 elementor-widget-tablet__width-inherit elementor-widget-mobile__width-inherit elementor-widget elementor-widget-image\" data-id=\"627d830\" data-element_type=\"widget\" data-e-type=\"widget\" data-widget_type=\"image.default\">\n\t\t\t\t<div class=\"elementor-widget-container\">\n\t\t\t\t\t\t\t\t\t\t\t\t\t\t\t<img fetchpriority=\"high\" decoding=\"async\" width=\"800\" height=\"534\" src=\"https:\/\/ageworth.com\/wp-content\/uploads\/2024\/05\/image00001-1024x683.jpeg\" class=\"attachment-large size-large wp-image-9676\" alt=\"Ageworth Amersfoort\" srcset=\"https:\/\/ageworth.com\/wp-content\/uploads\/2024\/05\/image00001-1024x683.jpeg 1024w, https:\/\/ageworth.com\/wp-content\/uploads\/2024\/05\/image00001-300x200.jpeg 300w, https:\/\/ageworth.com\/wp-content\/uploads\/2024\/05\/image00001-768x512.jpeg 768w, https:\/\/ageworth.com\/wp-content\/uploads\/2024\/05\/image00001-1536x1024.jpeg 1536w, https:\/\/ageworth.com\/wp-content\/uploads\/2024\/05\/image00001-2048x1365.jpeg 2048w\" sizes=\"(max-width: 800px) 100vw, 800px\" \/>\t\t\t\t\t\t\t\t\t\t\t\t\t\t\t<\/div>\n\t\t\t\t<\/div>\n\t\t\t\t<div class=\"elementor-element elementor-element-4c3d074 elementor-widget elementor-widget-heading\" data-id=\"4c3d074\" data-element_type=\"widget\" data-e-type=\"widget\" data-widget_type=\"heading.default\">\n\t\t\t\t<div class=\"elementor-widget-container\">\n\t\t\t\t\t<h2 class=\"elementor-heading-title elementor-size-default\">Acerca de Ageworth\n<\/h2>\t\t\t\t<\/div>\n\t\t\t\t<\/div>\n\t\t\t\t<div class=\"elementor-element elementor-element-10a05a8 elementor-widget elementor-widget-text-editor\" data-id=\"10a05a8\" data-element_type=\"widget\" data-e-type=\"widget\" data-widget_type=\"text-editor.default\">\n\t\t\t\t<div class=\"elementor-widget-container\">\n\t\t\t\t\t\t\t\t\t<p>En Ageworth nos dedicamos a realzar tu belleza natural y a dar un impulso a tu autoestima. Creemos que el cuidado est\u00e9tico va m\u00e1s all\u00e1 de mejorar las apariencias; se trata de crear un aspecto que refleje tu personalidad \u00fanica. Nuestros tratamientos se adaptan cuidadosamente a tus necesidades individuales y se centran en un refinamiento sutil, preservando tu individualidad.  <\/p><p>Nuestro enfoque se caracteriza por la personalizaci\u00f3n, la precisi\u00f3n y el m\u00e1ximo nivel de calidad. Cada tratamiento empieza con una conversaci\u00f3n abierta en la que tus deseos son el centro. Combinamos la experiencia m\u00e9dica con un sentido del estilo y la elegancia para lograr resultados no s\u00f3lo visibles, sino tambi\u00e9n tangibles. En Ageworth, t\u00fa como persona siempre eres lo primero.   <\/p>\t\t\t\t\t\t\t\t<\/div>\n\t\t\t\t<\/div>\n\t\t\t\t<div class=\"elementor-element elementor-element-e5e32af elementor-widget elementor-widget-heading\" data-id=\"e5e32af\" data-element_type=\"widget\" data-e-type=\"widget\" data-widget_type=\"heading.default\">\n\t\t\t\t<div class=\"elementor-widget-container\">\n\t\t\t\t\t<h2 class=\"elementor-heading-title elementor-size-default\">Nuestros especialistas\n<\/h2>\t\t\t\t<\/div>\n\t\t\t\t<\/div>\n\t\t\t\t<div class=\"elementor-element elementor-element-9a6d033 elementor-widget elementor-widget-text-editor\" data-id=\"9a6d033\" data-element_type=\"widget\" data-e-type=\"widget\" data-widget_type=\"text-editor.default\">\n\t\t\t\t<div class=\"elementor-widget-container\">\n\t\t\t\t\t\t\t\t\t<ul><li><p><a href=\"https:\/\/ageworth.com\/es\/acerca-de-ageworth\/especialistas\/david-hamraz\/\"><strong>Dr David Y. Hamraz<\/strong><\/a>: David tiene casi una d\u00e9cada de experiencia en cirug\u00eda est\u00e9tica. Con m\u00e1s de 15.000 tratamientos inyectables y 5.000 correcciones de p\u00e1rpados, domina el arte de las mejoras sutiles que realzan tu belleza natural. <\/p><\/li><li><p><a href=\"https:\/\/ageworth.com\/es\/acerca-de-ageworth\/especialistas\/britt-mesman\/\"><strong>Britt Mesman<\/strong><\/a>Britt Mesman: Con m\u00e1s de 20 a\u00f1os de experiencia y m\u00e1s de 20.000 inyecciones aplicadas, Britt es una especialista registrada en BIG que se centra en obtener resultados seguros y naturales. Su enfoque emp\u00e1tico y su mano firme le hacen ganarse la simpat\u00eda de los clientes que buscan una atenci\u00f3n sofisticada y personalizada. <\/p><\/li><\/ul><p>Ageworth te ofrece un entorno familiar en el que te sentir\u00e1s completamente a gusto. Nuestro lema, <em>\u00abSignificante t\u00fa\u00bb,<\/em> refleja nuestro compromiso de crear transformaciones significativas, tanto por dentro como por fuera. <\/p>\t\t\t\t\t\t\t\t<\/div>\n\t\t\t\t<\/div>\n\t\t\t\t\t<\/div>\n\t\t\t\t<\/div>\n\t\t\t\t<\/div>\n\t\t","protected":false},"excerpt":{"rendered":"<p>Acerca de AgeWorth Acerca de Ageworth En Ageworth nos dedicamos a realzar tu belleza natural y a dar un impulso a tu autoestima. Creemos que el cuidado est\u00e9tico va m\u00e1s all\u00e1 de mejorar las apariencias; se trata de crear un aspecto que refleje tu personalidad \u00fanica. Nuestros tratamientos se adaptan cuidadosamente a tus necesidades individuales [&hellip;]<\/p>\n","protected":false},"author":1,"featured_media":0,"parent":0,"menu_order":0,"comment_status":"closed","ping_status":"closed","template":"elementor_header_footer","meta":{"footnotes":""},"categorieen":[51],"class_list":["post-6660","page","type-page","status-publish","hentry","categorieen-over"],"yoast_head":"<!-- This site is optimized with the Yoast SEO Premium plugin v26.0 (Yoast SEO v27.3) - https:\/\/yoast.com\/product\/yoast-seo-premium-wordpress\/ -->\n<title>Acerca de Ageworth - AgeWorth<\/title>\n<meta name=\"robots\" content=\"index, follow, max-snippet:-1, max-image-preview:large, max-video-preview:-1\" \/>\n<link rel=\"canonical\" href=\"https:\/\/ageworth.com\/es\/acerca-de-ageworth\/\" \/>\n<meta property=\"og:locale\" content=\"es_ES\" \/>\n<meta property=\"og:type\" content=\"article\" \/>\n<meta property=\"og:title\" content=\"Acerca de Ageworth\" \/>\n<meta property=\"og:description\" content=\"Acerca de AgeWorth Acerca de Ageworth En Ageworth nos dedicamos a realzar tu belleza natural y a dar un impulso a tu autoestima. Creemos que el cuidado est\u00e9tico va m\u00e1s all\u00e1 de mejorar las apariencias; se trata de crear un aspecto que refleje tu personalidad \u00fanica. Nuestros tratamientos se adaptan cuidadosamente a tus necesidades individuales [&hellip;]\" \/>\n<meta property=\"og:url\" content=\"https:\/\/ageworth.com\/es\/acerca-de-ageworth\/\" \/>\n<meta property=\"og:site_name\" content=\"AgeWorth\" \/>\n<meta property=\"article:publisher\" content=\"https:\/\/m.facebook.com\/ageworth\" \/>\n<meta property=\"article:modified_time\" content=\"2025-09-18T16:55:48+00:00\" \/>\n<meta property=\"og:image\" content=\"https:\/\/ageworth.com\/wp-content\/uploads\/2024\/05\/Ageworth-Receptie-amersfoort.webp\" \/>\n\t<meta property=\"og:image:width\" content=\"2160\" \/>\n\t<meta property=\"og:image:height\" content=\"1440\" \/>\n\t<meta property=\"og:image:type\" content=\"image\/webp\" \/>\n<meta name=\"twitter:card\" content=\"summary_large_image\" \/>\n<meta name=\"twitter:label1\" content=\"Tiempo de lectura\" \/>\n\t<meta name=\"twitter:data1\" content=\"3 minutos\" \/>\n<script type=\"application\/ld+json\" class=\"yoast-schema-graph\">{\"@context\":\"https:\\\/\\\/schema.org\",\"@graph\":[{\"@type\":\"WebPage\",\"@id\":\"https:\\\/\\\/ageworth.com\\\/es\\\/acerca-de-ageworth\\\/\",\"url\":\"https:\\\/\\\/ageworth.com\\\/es\\\/acerca-de-ageworth\\\/\",\"name\":\"Acerca de Ageworth - AgeWorth\",\"isPartOf\":{\"@id\":\"https:\\\/\\\/ageworth.com\\\/es\\\/#website\"},\"primaryImageOfPage\":{\"@id\":\"https:\\\/\\\/ageworth.com\\\/es\\\/acerca-de-ageworth\\\/#primaryimage\"},\"image\":{\"@id\":\"https:\\\/\\\/ageworth.com\\\/es\\\/acerca-de-ageworth\\\/#primaryimage\"},\"thumbnailUrl\":\"https:\\\/\\\/ageworth.com\\\/wp-content\\\/uploads\\\/2024\\\/05\\\/Ageworth-Receptie-amersfoort-1024x683.webp\",\"datePublished\":\"2022-09-30T13:55:36+00:00\",\"dateModified\":\"2025-09-18T16:55:48+00:00\",\"breadcrumb\":{\"@id\":\"https:\\\/\\\/ageworth.com\\\/es\\\/acerca-de-ageworth\\\/#breadcrumb\"},\"inLanguage\":\"es\",\"potentialAction\":[{\"@type\":\"ReadAction\",\"target\":[\"https:\\\/\\\/ageworth.com\\\/es\\\/acerca-de-ageworth\\\/\"]}]},{\"@type\":\"ImageObject\",\"inLanguage\":\"es\",\"@id\":\"https:\\\/\\\/ageworth.com\\\/es\\\/acerca-de-ageworth\\\/#primaryimage\",\"url\":\"https:\\\/\\\/ageworth.com\\\/wp-content\\\/uploads\\\/2024\\\/05\\\/Ageworth-Receptie-amersfoort-1024x683.webp\",\"contentUrl\":\"https:\\\/\\\/ageworth.com\\\/wp-content\\\/uploads\\\/2024\\\/05\\\/Ageworth-Receptie-amersfoort-1024x683.webp\"},{\"@type\":\"BreadcrumbList\",\"@id\":\"https:\\\/\\\/ageworth.com\\\/es\\\/acerca-de-ageworth\\\/#breadcrumb\",\"itemListElement\":[{\"@type\":\"ListItem\",\"position\":1,\"name\":\"Home\",\"item\":\"https:\\\/\\\/ageworth.com\\\/es\\\/\"},{\"@type\":\"ListItem\",\"position\":2,\"name\":\"Acerca de Ageworth\"}]},{\"@type\":\"WebSite\",\"@id\":\"https:\\\/\\\/ageworth.com\\\/es\\\/#website\",\"url\":\"https:\\\/\\\/ageworth.com\\\/es\\\/\",\"name\":\"Ageworth\",\"description\":\"A significant you\",\"publisher\":{\"@id\":\"https:\\\/\\\/ageworth.com\\\/es\\\/#organization\"},\"potentialAction\":[{\"@type\":\"SearchAction\",\"target\":{\"@type\":\"EntryPoint\",\"urlTemplate\":\"https:\\\/\\\/ageworth.com\\\/es\\\/?s={search_term_string}\"},\"query-input\":{\"@type\":\"PropertyValueSpecification\",\"valueRequired\":true,\"valueName\":\"search_term_string\"}}],\"inLanguage\":\"es\"},{\"@type\":\"Organization\",\"@id\":\"https:\\\/\\\/ageworth.com\\\/es\\\/#organization\",\"name\":\"Ageworth\",\"url\":\"https:\\\/\\\/ageworth.com\\\/es\\\/\",\"logo\":{\"@type\":\"ImageObject\",\"inLanguage\":\"es\",\"@id\":\"https:\\\/\\\/ageworth.com\\\/es\\\/#\\\/schema\\\/logo\\\/image\\\/\",\"url\":\"https:\\\/\\\/ageworth.com\\\/wp-content\\\/uploads\\\/2024\\\/03\\\/cropped-Ageworth-logo-1.png\",\"contentUrl\":\"https:\\\/\\\/ageworth.com\\\/wp-content\\\/uploads\\\/2024\\\/03\\\/cropped-Ageworth-logo-1.png\",\"width\":512,\"height\":512,\"caption\":\"Ageworth\"},\"image\":{\"@id\":\"https:\\\/\\\/ageworth.com\\\/es\\\/#\\\/schema\\\/logo\\\/image\\\/\"},\"sameAs\":[\"https:\\\/\\\/m.facebook.com\\\/ageworth\",\"https:\\\/\\\/www.instagram.com\\\/ageworth\\\/\"]}]}<\/script>\n<!-- \/ Yoast SEO Premium plugin. -->","yoast_head_json":{"title":"Acerca de Ageworth - AgeWorth","robots":{"index":"index","follow":"follow","max-snippet":"max-snippet:-1","max-image-preview":"max-image-preview:large","max-video-preview":"max-video-preview:-1"},"canonical":"https:\/\/ageworth.com\/es\/acerca-de-ageworth\/","og_locale":"es_ES","og_type":"article","og_title":"Acerca de Ageworth","og_description":"Acerca de AgeWorth Acerca de Ageworth En Ageworth nos dedicamos a realzar tu belleza natural y a dar un impulso a tu autoestima. Creemos que el cuidado est\u00e9tico va m\u00e1s all\u00e1 de mejorar las apariencias; se trata de crear un aspecto que refleje tu personalidad \u00fanica. Nuestros tratamientos se adaptan cuidadosamente a tus necesidades individuales [&hellip;]","og_url":"https:\/\/ageworth.com\/es\/acerca-de-ageworth\/","og_site_name":"AgeWorth","article_publisher":"https:\/\/m.facebook.com\/ageworth","article_modified_time":"2025-09-18T16:55:48+00:00","og_image":[{"width":2160,"height":1440,"url":"https:\/\/ageworth.com\/wp-content\/uploads\/2024\/05\/Ageworth-Receptie-amersfoort.webp","type":"image\/webp"}],"twitter_card":"summary_large_image","twitter_misc":{"Tiempo de lectura":"3 minutos"},"schema":{"@context":"https:\/\/schema.org","@graph":[{"@type":"WebPage","@id":"https:\/\/ageworth.com\/es\/acerca-de-ageworth\/","url":"https:\/\/ageworth.com\/es\/acerca-de-ageworth\/","name":"Acerca de Ageworth - AgeWorth","isPartOf":{"@id":"https:\/\/ageworth.com\/es\/#website"},"primaryImageOfPage":{"@id":"https:\/\/ageworth.com\/es\/acerca-de-ageworth\/#primaryimage"},"image":{"@id":"https:\/\/ageworth.com\/es\/acerca-de-ageworth\/#primaryimage"},"thumbnailUrl":"https:\/\/ageworth.com\/wp-content\/uploads\/2024\/05\/Ageworth-Receptie-amersfoort-1024x683.webp","datePublished":"2022-09-30T13:55:36+00:00","dateModified":"2025-09-18T16:55:48+00:00","breadcrumb":{"@id":"https:\/\/ageworth.com\/es\/acerca-de-ageworth\/#breadcrumb"},"inLanguage":"es","potentialAction":[{"@type":"ReadAction","target":["https:\/\/ageworth.com\/es\/acerca-de-ageworth\/"]}]},{"@type":"ImageObject","inLanguage":"es","@id":"https:\/\/ageworth.com\/es\/acerca-de-ageworth\/#primaryimage","url":"https:\/\/ageworth.com\/wp-content\/uploads\/2024\/05\/Ageworth-Receptie-amersfoort-1024x683.webp","contentUrl":"https:\/\/ageworth.com\/wp-content\/uploads\/2024\/05\/Ageworth-Receptie-amersfoort-1024x683.webp"},{"@type":"BreadcrumbList","@id":"https:\/\/ageworth.com\/es\/acerca-de-ageworth\/#breadcrumb","itemListElement":[{"@type":"ListItem","position":1,"name":"Home","item":"https:\/\/ageworth.com\/es\/"},{"@type":"ListItem","position":2,"name":"Acerca de Ageworth"}]},{"@type":"WebSite","@id":"https:\/\/ageworth.com\/es\/#website","url":"https:\/\/ageworth.com\/es\/","name":"Ageworth","description":"A significant you","publisher":{"@id":"https:\/\/ageworth.com\/es\/#organization"},"potentialAction":[{"@type":"SearchAction","target":{"@type":"EntryPoint","urlTemplate":"https:\/\/ageworth.com\/es\/?s={search_term_string}"},"query-input":{"@type":"PropertyValueSpecification","valueRequired":true,"valueName":"search_term_string"}}],"inLanguage":"es"},{"@type":"Organization","@id":"https:\/\/ageworth.com\/es\/#organization","name":"Ageworth","url":"https:\/\/ageworth.com\/es\/","logo":{"@type":"ImageObject","inLanguage":"es","@id":"https:\/\/ageworth.com\/es\/#\/schema\/logo\/image\/","url":"https:\/\/ageworth.com\/wp-content\/uploads\/2024\/03\/cropped-Ageworth-logo-1.png","contentUrl":"https:\/\/ageworth.com\/wp-content\/uploads\/2024\/03\/cropped-Ageworth-logo-1.png","width":512,"height":512,"caption":"Ageworth"},"image":{"@id":"https:\/\/ageworth.com\/es\/#\/schema\/logo\/image\/"},"sameAs":["https:\/\/m.facebook.com\/ageworth","https:\/\/www.instagram.com\/ageworth\/"]}]}},"_links":{"self":[{"href":"https:\/\/ageworth.com\/es\/wp-json\/wp\/v2\/pages\/6660","targetHints":{"allow":["GET"]}}],"collection":[{"href":"https:\/\/ageworth.com\/es\/wp-json\/wp\/v2\/pages"}],"about":[{"href":"https:\/\/ageworth.com\/es\/wp-json\/wp\/v2\/types\/page"}],"author":[{"embeddable":true,"href":"https:\/\/ageworth.com\/es\/wp-json\/wp\/v2\/users\/1"}],"replies":[{"embeddable":true,"href":"https:\/\/ageworth.com\/es\/wp-json\/wp\/v2\/comments?post=6660"}],"version-history":[{"count":0,"href":"https:\/\/ageworth.com\/es\/wp-json\/wp\/v2\/pages\/6660\/revisions"}],"wp:attachment":[{"href":"https:\/\/ageworth.com\/es\/wp-json\/wp\/v2\/media?parent=6660"}],"wp:term":[{"taxonomy":"categorieen","embeddable":true,"href":"https:\/\/ageworth.com\/es\/wp-json\/wp\/v2\/categorieen?post=6660"}],"curies":[{"name":"wp","href":"https:\/\/api.w.org\/{rel}","templated":true}]}}