{"id":6625,"date":"2022-11-30T11:08:38","date_gmt":"2022-11-30T11:08:38","guid":{"rendered":"https:\/\/ageworth.com\/handling-of-complaints\/"},"modified":"2024-12-03T10:51:15","modified_gmt":"2024-12-03T10:51:15","slug":"manejo-de-quejas","status":"publish","type":"page","link":"https:\/\/ageworth.com\/es\/manejo-de-quejas\/","title":{"rendered":"Manejo de quejas"},"content":{"rendered":"\t\t<div data-elementor-type=\"wp-page\" data-elementor-id=\"6625\" class=\"elementor elementor-6625 elementor-3652\" data-elementor-post-type=\"page\">\n\t\t\t\t\t\t<section class=\"elementor-section elementor-top-section elementor-element elementor-element-db7c82b elementor-section-boxed elementor-section-height-default elementor-section-height-default\" data-id=\"db7c82b\" data-element_type=\"section\" data-e-type=\"section\" data-settings=\"{&quot;jet_parallax_layout_list&quot;:[]}\">\n\t\t\t\t\t\t<div class=\"elementor-container elementor-column-gap-no\">\n\t\t\t\t\t<div class=\"elementor-column elementor-col-100 elementor-top-column elementor-element elementor-element-16a5987\" data-id=\"16a5987\" data-element_type=\"column\" data-e-type=\"column\">\n\t\t\t<div class=\"elementor-widget-wrap elementor-element-populated\">\n\t\t\t\t\t\t<div class=\"elementor-element elementor-element-e4cab64 elementor-widget elementor-widget-heading\" data-id=\"e4cab64\" data-element_type=\"widget\" data-e-type=\"widget\" data-widget_type=\"heading.default\">\n\t\t\t\t<div class=\"elementor-widget-container\">\n\t\t\t\t\t<h1 class=\"elementor-heading-title elementor-size-default\">Manejo de quejas<\/h1>\t\t\t\t<\/div>\n\t\t\t\t<\/div>\n\t\t\t\t\t<\/div>\n\t\t<\/div>\n\t\t\t\t\t<\/div>\n\t\t<\/section>\n\t\t\t\t<section class=\"elementor-section elementor-top-section elementor-element elementor-element-11756c3 elementor-section-boxed elementor-section-height-default elementor-section-height-default\" data-id=\"11756c3\" data-element_type=\"section\" data-e-type=\"section\" data-settings=\"{&quot;jet_parallax_layout_list&quot;:[]}\">\n\t\t\t\t\t\t<div class=\"elementor-container elementor-column-gap-no\">\n\t\t\t\t\t<div class=\"elementor-column elementor-col-100 elementor-top-column elementor-element elementor-element-58cb006\" data-id=\"58cb006\" data-element_type=\"column\" data-e-type=\"column\">\n\t\t\t<div class=\"elementor-widget-wrap elementor-element-populated\">\n\t\t\t\t\t\t<div class=\"elementor-element elementor-element-7f00d6e elementor-widget elementor-widget-text-editor\" data-id=\"7f00d6e\" data-element_type=\"widget\" data-e-type=\"widget\" data-widget_type=\"text-editor.default\">\n\t\t\t\t<div class=\"elementor-widget-container\">\n\t\t\t\t\t\t\t\t\t<p>En Ageworth, estamos satisfechos solo cuando t\u00fa tambi\u00e9n lo est\u00e1s. A veces puede suceder que un procedimiento o tratamiento no haya cumplido completamente con tus expectativas. En caso de que tengas una queja, puedes hacer lo siguiente.<\/p><p><strong>\u200dContactar a Ageworth:<br \/><\/strong>Si no est\u00e1s completamente satisfecho con un tratamiento en Ageworth, el primer paso es discutir esta queja con el m\u00e9dico que realiz\u00f3 el tratamiento. Juntos haremos todo lo posible para eliminar cualquier insatisfacci\u00f3n.<\/p><p><strong>Contactar al defensor de quejas<\/strong><br \/>\u00bfNo encontramos una soluci\u00f3n inmediata? Entonces puedes solicitar ayuda de un defensor de quejas. Este mediador independiente y profesional trabajar\u00e1 contigo y con nosotros para encontrar una soluci\u00f3n. Despu\u00e9s de presentar la queja, el defensor de quejas se esforzar\u00e1 por resolverla en un plazo de seis semanas. Puedes ponerte en contacto con el defensor de quejas a trav\u00e9s de <span style=\"text-decoration: underline;\"><a href=\"https:\/\/dokh.nl\" target=\"_blank\" rel=\"noopener\">www.dokh.nl<\/a><\/span>.<\/p>\t\t\t\t\t\t\t\t<\/div>\n\t\t\t\t<\/div>\n\t\t\t\t\t<\/div>\n\t\t<\/div>\n\t\t\t\t\t<\/div>\n\t\t<\/section>\n\t\t\t\t<\/div>\n\t\t","protected":false},"excerpt":{"rendered":"<p>Manejo de quejas En Ageworth, estamos satisfechos solo cuando t\u00fa tambi\u00e9n lo est\u00e1s. A veces puede suceder que un procedimiento o tratamiento no haya cumplido completamente con tus expectativas. En caso de que tengas una queja, puedes hacer lo siguiente. \u200dContactar a Ageworth:Si no est\u00e1s completamente satisfecho con un tratamiento en Ageworth, el primer paso [&hellip;]<\/p>\n","protected":false},"author":1,"featured_media":0,"parent":0,"menu_order":0,"comment_status":"closed","ping_status":"closed","template":"elementor_header_footer","meta":{"footnotes":""},"categorieen":[],"class_list":["post-6625","page","type-page","status-publish","hentry"],"yoast_head":"<!-- This site is optimized with the Yoast SEO Premium plugin v26.0 (Yoast SEO v27.3) - https:\/\/yoast.com\/product\/yoast-seo-premium-wordpress\/ -->\n<title>Manejo de quejas - AgeWorth<\/title>\n<meta name=\"robots\" content=\"index, follow, max-snippet:-1, max-image-preview:large, max-video-preview:-1\" \/>\n<link rel=\"canonical\" href=\"https:\/\/ageworth.com\/es\/manejo-de-quejas\/\" \/>\n<meta property=\"og:locale\" content=\"es_ES\" \/>\n<meta property=\"og:type\" content=\"article\" \/>\n<meta property=\"og:title\" content=\"Manejo de quejas\" \/>\n<meta property=\"og:description\" content=\"Manejo de quejas En Ageworth, estamos satisfechos solo cuando t\u00fa tambi\u00e9n lo est\u00e1s. A veces puede suceder que un procedimiento o tratamiento no haya cumplido completamente con tus expectativas. En caso de que tengas una queja, puedes hacer lo siguiente. \u200dContactar a Ageworth:Si no est\u00e1s completamente satisfecho con un tratamiento en Ageworth, el primer paso [&hellip;]\" \/>\n<meta property=\"og:url\" content=\"https:\/\/ageworth.com\/es\/manejo-de-quejas\/\" \/>\n<meta property=\"og:site_name\" content=\"AgeWorth\" \/>\n<meta property=\"article:publisher\" content=\"https:\/\/m.facebook.com\/ageworth\" \/>\n<meta property=\"article:modified_time\" content=\"2024-12-03T10:51:15+00:00\" \/>\n<meta property=\"og:image\" content=\"https:\/\/ageworth.com\/wp-content\/uploads\/2024\/04\/image00022-1024x683.jpeg\" \/>\n\t<meta property=\"og:image:width\" content=\"1024\" \/>\n\t<meta property=\"og:image:height\" content=\"683\" \/>\n\t<meta property=\"og:image:type\" content=\"image\/jpeg\" \/>\n<meta name=\"twitter:card\" content=\"summary_large_image\" \/>\n<meta name=\"twitter:label1\" content=\"Tiempo de lectura\" \/>\n\t<meta name=\"twitter:data1\" content=\"1 minuto\" \/>\n<script type=\"application\/ld+json\" class=\"yoast-schema-graph\">{\"@context\":\"https:\\\/\\\/schema.org\",\"@graph\":[{\"@type\":\"WebPage\",\"@id\":\"https:\\\/\\\/ageworth.com\\\/es\\\/manejo-de-quejas\\\/\",\"url\":\"https:\\\/\\\/ageworth.com\\\/es\\\/manejo-de-quejas\\\/\",\"name\":\"Manejo de quejas - AgeWorth\",\"isPartOf\":{\"@id\":\"https:\\\/\\\/ageworth.com\\\/es\\\/#website\"},\"datePublished\":\"2022-11-30T11:08:38+00:00\",\"dateModified\":\"2024-12-03T10:51:15+00:00\",\"breadcrumb\":{\"@id\":\"https:\\\/\\\/ageworth.com\\\/es\\\/manejo-de-quejas\\\/#breadcrumb\"},\"inLanguage\":\"es\",\"potentialAction\":[{\"@type\":\"ReadAction\",\"target\":[\"https:\\\/\\\/ageworth.com\\\/es\\\/manejo-de-quejas\\\/\"]}]},{\"@type\":\"BreadcrumbList\",\"@id\":\"https:\\\/\\\/ageworth.com\\\/es\\\/manejo-de-quejas\\\/#breadcrumb\",\"itemListElement\":[{\"@type\":\"ListItem\",\"position\":1,\"name\":\"Home\",\"item\":\"https:\\\/\\\/ageworth.com\\\/es\\\/\"},{\"@type\":\"ListItem\",\"position\":2,\"name\":\"Manejo de quejas\"}]},{\"@type\":\"WebSite\",\"@id\":\"https:\\\/\\\/ageworth.com\\\/es\\\/#website\",\"url\":\"https:\\\/\\\/ageworth.com\\\/es\\\/\",\"name\":\"Ageworth\",\"description\":\"A significant you\",\"publisher\":{\"@id\":\"https:\\\/\\\/ageworth.com\\\/es\\\/#organization\"},\"potentialAction\":[{\"@type\":\"SearchAction\",\"target\":{\"@type\":\"EntryPoint\",\"urlTemplate\":\"https:\\\/\\\/ageworth.com\\\/es\\\/?s={search_term_string}\"},\"query-input\":{\"@type\":\"PropertyValueSpecification\",\"valueRequired\":true,\"valueName\":\"search_term_string\"}}],\"inLanguage\":\"es\"},{\"@type\":\"Organization\",\"@id\":\"https:\\\/\\\/ageworth.com\\\/es\\\/#organization\",\"name\":\"Ageworth\",\"url\":\"https:\\\/\\\/ageworth.com\\\/es\\\/\",\"logo\":{\"@type\":\"ImageObject\",\"inLanguage\":\"es\",\"@id\":\"https:\\\/\\\/ageworth.com\\\/es\\\/#\\\/schema\\\/logo\\\/image\\\/\",\"url\":\"https:\\\/\\\/ageworth.com\\\/wp-content\\\/uploads\\\/2024\\\/03\\\/cropped-Ageworth-logo-1.png\",\"contentUrl\":\"https:\\\/\\\/ageworth.com\\\/wp-content\\\/uploads\\\/2024\\\/03\\\/cropped-Ageworth-logo-1.png\",\"width\":512,\"height\":512,\"caption\":\"Ageworth\"},\"image\":{\"@id\":\"https:\\\/\\\/ageworth.com\\\/es\\\/#\\\/schema\\\/logo\\\/image\\\/\"},\"sameAs\":[\"https:\\\/\\\/m.facebook.com\\\/ageworth\",\"https:\\\/\\\/www.instagram.com\\\/ageworth\\\/\"]}]}<\/script>\n<!-- \/ Yoast SEO Premium plugin. -->","yoast_head_json":{"title":"Manejo de quejas - AgeWorth","robots":{"index":"index","follow":"follow","max-snippet":"max-snippet:-1","max-image-preview":"max-image-preview:large","max-video-preview":"max-video-preview:-1"},"canonical":"https:\/\/ageworth.com\/es\/manejo-de-quejas\/","og_locale":"es_ES","og_type":"article","og_title":"Manejo de quejas","og_description":"Manejo de quejas En Ageworth, estamos satisfechos solo cuando t\u00fa tambi\u00e9n lo est\u00e1s. A veces puede suceder que un procedimiento o tratamiento no haya cumplido completamente con tus expectativas. En caso de que tengas una queja, puedes hacer lo siguiente. \u200dContactar a Ageworth:Si no est\u00e1s completamente satisfecho con un tratamiento en Ageworth, el primer paso [&hellip;]","og_url":"https:\/\/ageworth.com\/es\/manejo-de-quejas\/","og_site_name":"AgeWorth","article_publisher":"https:\/\/m.facebook.com\/ageworth","article_modified_time":"2024-12-03T10:51:15+00:00","og_image":[{"width":1024,"height":683,"url":"https:\/\/ageworth.com\/wp-content\/uploads\/2024\/04\/image00022-1024x683.jpeg","type":"image\/jpeg"}],"twitter_card":"summary_large_image","twitter_misc":{"Tiempo de lectura":"1 minuto"},"schema":{"@context":"https:\/\/schema.org","@graph":[{"@type":"WebPage","@id":"https:\/\/ageworth.com\/es\/manejo-de-quejas\/","url":"https:\/\/ageworth.com\/es\/manejo-de-quejas\/","name":"Manejo de quejas - AgeWorth","isPartOf":{"@id":"https:\/\/ageworth.com\/es\/#website"},"datePublished":"2022-11-30T11:08:38+00:00","dateModified":"2024-12-03T10:51:15+00:00","breadcrumb":{"@id":"https:\/\/ageworth.com\/es\/manejo-de-quejas\/#breadcrumb"},"inLanguage":"es","potentialAction":[{"@type":"ReadAction","target":["https:\/\/ageworth.com\/es\/manejo-de-quejas\/"]}]},{"@type":"BreadcrumbList","@id":"https:\/\/ageworth.com\/es\/manejo-de-quejas\/#breadcrumb","itemListElement":[{"@type":"ListItem","position":1,"name":"Home","item":"https:\/\/ageworth.com\/es\/"},{"@type":"ListItem","position":2,"name":"Manejo de quejas"}]},{"@type":"WebSite","@id":"https:\/\/ageworth.com\/es\/#website","url":"https:\/\/ageworth.com\/es\/","name":"Ageworth","description":"A significant you","publisher":{"@id":"https:\/\/ageworth.com\/es\/#organization"},"potentialAction":[{"@type":"SearchAction","target":{"@type":"EntryPoint","urlTemplate":"https:\/\/ageworth.com\/es\/?s={search_term_string}"},"query-input":{"@type":"PropertyValueSpecification","valueRequired":true,"valueName":"search_term_string"}}],"inLanguage":"es"},{"@type":"Organization","@id":"https:\/\/ageworth.com\/es\/#organization","name":"Ageworth","url":"https:\/\/ageworth.com\/es\/","logo":{"@type":"ImageObject","inLanguage":"es","@id":"https:\/\/ageworth.com\/es\/#\/schema\/logo\/image\/","url":"https:\/\/ageworth.com\/wp-content\/uploads\/2024\/03\/cropped-Ageworth-logo-1.png","contentUrl":"https:\/\/ageworth.com\/wp-content\/uploads\/2024\/03\/cropped-Ageworth-logo-1.png","width":512,"height":512,"caption":"Ageworth"},"image":{"@id":"https:\/\/ageworth.com\/es\/#\/schema\/logo\/image\/"},"sameAs":["https:\/\/m.facebook.com\/ageworth","https:\/\/www.instagram.com\/ageworth\/"]}]}},"_links":{"self":[{"href":"https:\/\/ageworth.com\/es\/wp-json\/wp\/v2\/pages\/6625","targetHints":{"allow":["GET"]}}],"collection":[{"href":"https:\/\/ageworth.com\/es\/wp-json\/wp\/v2\/pages"}],"about":[{"href":"https:\/\/ageworth.com\/es\/wp-json\/wp\/v2\/types\/page"}],"author":[{"embeddable":true,"href":"https:\/\/ageworth.com\/es\/wp-json\/wp\/v2\/users\/1"}],"replies":[{"embeddable":true,"href":"https:\/\/ageworth.com\/es\/wp-json\/wp\/v2\/comments?post=6625"}],"version-history":[{"count":0,"href":"https:\/\/ageworth.com\/es\/wp-json\/wp\/v2\/pages\/6625\/revisions"}],"wp:attachment":[{"href":"https:\/\/ageworth.com\/es\/wp-json\/wp\/v2\/media?parent=6625"}],"wp:term":[{"taxonomy":"categorieen","embeddable":true,"href":"https:\/\/ageworth.com\/es\/wp-json\/wp\/v2\/categorieen?post=6625"}],"curies":[{"name":"wp","href":"https:\/\/api.w.org\/{rel}","templated":true}]}}