{"id":6379,"date":"2022-11-17T02:18:53","date_gmt":"2022-11-17T02:18:53","guid":{"rendered":"https:\/\/ageworth.com\/informacion-de-la-empresa\/"},"modified":"2025-10-20T17:29:30","modified_gmt":"2025-10-20T17:29:30","slug":"informacion-de-la-empresa","status":"publish","type":"page","link":"https:\/\/ageworth.com\/es\/acerca-de-ageworth\/informacion-de-la-empresa\/","title":{"rendered":"Informaci\u00f3n de la empresa"},"content":{"rendered":"\t\t<div data-elementor-type=\"wp-page\" data-elementor-id=\"6379\" class=\"elementor elementor-6379 elementor-2762\" data-elementor-post-type=\"page\">\n\t\t\t\t\t\t<section class=\"elementor-section elementor-top-section elementor-element elementor-element-d929227 elementor-section-boxed elementor-section-height-default elementor-section-height-default\" data-id=\"d929227\" data-element_type=\"section\" data-e-type=\"section\" data-settings=\"{&quot;jet_parallax_layout_list&quot;:[]}\">\n\t\t\t\t\t\t<div class=\"elementor-container elementor-column-gap-no\">\n\t\t\t\t\t<div class=\"elementor-column elementor-col-100 elementor-top-column elementor-element elementor-element-90e65e0\" data-id=\"90e65e0\" data-element_type=\"column\" data-e-type=\"column\">\n\t\t\t<div class=\"elementor-widget-wrap elementor-element-populated\">\n\t\t\t\t\t\t<div class=\"elementor-element elementor-element-db21420 elementor-widget elementor-widget-heading\" data-id=\"db21420\" data-element_type=\"widget\" data-e-type=\"widget\" data-widget_type=\"heading.default\">\n\t\t\t\t<div class=\"elementor-widget-container\">\n\t\t\t\t\t<h1 class=\"elementor-heading-title elementor-size-default\">Informaci\u00f3n de la empresa<\/h1>\t\t\t\t<\/div>\n\t\t\t\t<\/div>\n\t\t\t\t\t<\/div>\n\t\t<\/div>\n\t\t\t\t\t<\/div>\n\t\t<\/section>\n\t\t\t\t<section class=\"elementor-section elementor-top-section elementor-element elementor-element-b088064 elementor-section-boxed elementor-section-height-default elementor-section-height-default\" data-id=\"b088064\" data-element_type=\"section\" data-e-type=\"section\" data-settings=\"{&quot;jet_parallax_layout_list&quot;:[]}\">\n\t\t\t\t\t\t<div class=\"elementor-container elementor-column-gap-no\">\n\t\t\t\t\t<div class=\"elementor-column elementor-col-100 elementor-top-column elementor-element elementor-element-f2f4436\" data-id=\"f2f4436\" data-element_type=\"column\" data-e-type=\"column\">\n\t\t\t<div class=\"elementor-widget-wrap elementor-element-populated\">\n\t\t\t\t\t\t<div class=\"elementor-element elementor-element-5ed1497 elementor-widget elementor-widget-text-editor\" data-id=\"5ed1497\" data-element_type=\"widget\" data-e-type=\"widget\" data-widget_type=\"text-editor.default\">\n\t\t\t\t<div class=\"elementor-widget-container\">\n\t\t\t\t\t\t\t\t\t<div class=\"page\" title=\"P\u00e1gina 21\"><div class=\"section\"><div class=\"layoutArea\"><div class=\"column\"><p>Si eres proveedor o deseas obtener informaci\u00f3n sobre nuestra empresa, te invitamos a ponerte en contacto con nosotros por correo electr\u00f3nico o por tel\u00e9fono. Estamos dispuestos a responder a tus preguntas y a seguir ayud\u00e1ndote. <\/p><p>Para contactar, puedes dirigirte a<\/p><p>Correo electr\u00f3nico: <a href=\"mailto:klantenservice@ageworth.com\">klantenservice@ageworth.com<\/a><br>Tel\u00e9fono: <a href=\"tel:085-7326954\">085-7326 954<\/a><\/p><\/div><\/div><\/div><\/div>\t\t\t\t\t\t\t\t<\/div>\n\t\t\t\t<\/div>\n\t\t\t\t<div class=\"elementor-element elementor-element-030376e elementor-widget__width-auto e-transform elementor-hidden-desktop elementor-hidden-tablet elementor-hidden-mobile elementor-widget elementor-widget-button\" data-id=\"030376e\" data-element_type=\"widget\" data-e-type=\"widget\" data-settings=\"{&quot;_transform_scale_effect_hover&quot;:{&quot;unit&quot;:&quot;px&quot;,&quot;size&quot;:1.05,&quot;sizes&quot;:[]},&quot;_transform_scale_effect_hover_tablet&quot;:{&quot;unit&quot;:&quot;px&quot;,&quot;size&quot;:&quot;&quot;,&quot;sizes&quot;:[]},&quot;_transform_scale_effect_hover_mobile&quot;:{&quot;unit&quot;:&quot;px&quot;,&quot;size&quot;:&quot;&quot;,&quot;sizes&quot;:[]}}\" data-widget_type=\"button.default\">\n\t\t\t\t<div class=\"elementor-widget-container\">\n\t\t\t\t\t\t\t\t\t<div class=\"elementor-button-wrapper\">\n\t\t\t\t\t<a class=\"elementor-button elementor-button-link elementor-size-sm\" href=\"#\">\n\t\t\t\t\t\t<span class=\"elementor-button-content-wrapper\">\n\t\t\t\t\t\t\t\t\t<span class=\"elementor-button-text\">WhatsApp<\/span>\n\t\t\t\t\t<\/span>\n\t\t\t\t\t<\/a>\n\t\t\t\t<\/div>\n\t\t\t\t\t\t\t\t<\/div>\n\t\t\t\t<\/div>\n\t\t\t\t<div class=\"elementor-element elementor-element-384cfc0 elementor-widget elementor-widget-text-editor\" data-id=\"384cfc0\" data-element_type=\"widget\" data-e-type=\"widget\" data-widget_type=\"text-editor.default\">\n\t\t\t\t<div class=\"elementor-widget-container\">\n\t\t\t\t\t\t\t\t\t<div class=\"elementor-element elementor-element-61ecf1a elementor-widget elementor-widget-heading\" data-id=\"61ecf1a\" data-element_type=\"widget\" data-widget_type=\"heading.default\"><div class=\"elementor-widget-container\"><h2 class=\"elementor-heading-title elementor-size-default\"><strong>Direcci\u00f3n<\/strong><\/h2><\/div><\/div><div class=\"elementor-element elementor-element-72942ea elementor-widget elementor-widget-text-editor\" data-id=\"72942ea\" data-element_type=\"widget\" data-widget_type=\"text-editor.default\"><div class=\"elementor-widget-container\"><p><strong>Cl\u00ednicas Ageworth<\/strong><br>Spacelab 9<br>3824 MR, Amersfoort<\/p><p><strong>Ageworth Apeldoorn<\/strong><br>Deventerstraat 29<br>7311 LT, Apeldoorn<\/p><p><strong>Ageworth Amsterdam<\/strong><br>Venenweg 4A<br>1161 AK, Zwanenburg<\/p><p><strong>Ageworth Espa\u00f1a<\/strong><br>Calle T\u00fanez 2,<br>03724 Moraira, <br>Alicante, Espa\u00f1a<\/p><\/div><\/div>\t\t\t\t\t\t\t\t<\/div>\n\t\t\t\t<\/div>\n\t\t\t\t\t<\/div>\n\t\t<\/div>\n\t\t\t\t\t<\/div>\n\t\t<\/section>\n\t\t\t\t<\/div>\n\t\t","protected":false},"excerpt":{"rendered":"<p>Informaci\u00f3n de la empresa Si eres proveedor o deseas obtener informaci\u00f3n sobre nuestra empresa, te invitamos a ponerte en contacto con nosotros por correo electr\u00f3nico o por tel\u00e9fono. Estamos dispuestos a responder a tus preguntas y a seguir ayud\u00e1ndote. Para contactar, puedes dirigirte a Correo electr\u00f3nico: klantenservice@ageworth.comTel\u00e9fono: 085-7326 954 WhatsApp Direcci\u00f3n Cl\u00ednicas AgeworthSpacelab 93824 MR, [&hellip;]<\/p>\n","protected":false},"author":1,"featured_media":0,"parent":6660,"menu_order":0,"comment_status":"closed","ping_status":"closed","template":"elementor_header_footer","meta":{"footnotes":""},"categorieen":[51],"class_list":["post-6379","page","type-page","status-publish","hentry","categorieen-over"],"yoast_head":"<!-- This site is optimized with the Yoast SEO Premium plugin v26.0 (Yoast SEO v27.3) - https:\/\/yoast.com\/product\/yoast-seo-premium-wordpress\/ -->\n<title>Informaci\u00f3n de la empresa - AgeWorth<\/title>\n<meta name=\"robots\" content=\"index, follow, max-snippet:-1, max-image-preview:large, max-video-preview:-1\" \/>\n<link rel=\"canonical\" href=\"https:\/\/ageworth.com\/es\/acerca-de-ageworth\/informacion-de-la-empresa\/\" \/>\n<meta property=\"og:locale\" content=\"es_ES\" \/>\n<meta property=\"og:type\" content=\"article\" \/>\n<meta property=\"og:title\" content=\"Informaci\u00f3n de la empresa\" \/>\n<meta property=\"og:description\" content=\"Informaci\u00f3n de la empresa Si eres proveedor o deseas obtener informaci\u00f3n sobre nuestra empresa, te invitamos a ponerte en contacto con nosotros por correo electr\u00f3nico o por tel\u00e9fono. Estamos dispuestos a responder a tus preguntas y a seguir ayud\u00e1ndote. Para contactar, puedes dirigirte a Correo electr\u00f3nico: klantenservice@ageworth.comTel\u00e9fono: 085-7326 954 WhatsApp Direcci\u00f3n Cl\u00ednicas AgeworthSpacelab 93824 MR, [&hellip;]\" \/>\n<meta property=\"og:url\" content=\"https:\/\/ageworth.com\/es\/acerca-de-ageworth\/informacion-de-la-empresa\/\" \/>\n<meta property=\"og:site_name\" content=\"AgeWorth\" \/>\n<meta property=\"article:publisher\" content=\"https:\/\/m.facebook.com\/ageworth\" \/>\n<meta property=\"article:modified_time\" content=\"2025-10-20T17:29:30+00:00\" \/>\n<meta property=\"og:image\" content=\"https:\/\/ageworth.com\/wp-content\/uploads\/2024\/04\/image00022-1024x683.jpeg\" \/>\n\t<meta property=\"og:image:width\" content=\"1024\" \/>\n\t<meta property=\"og:image:height\" content=\"683\" \/>\n\t<meta property=\"og:image:type\" content=\"image\/jpeg\" \/>\n<meta name=\"twitter:card\" content=\"summary_large_image\" \/>\n<meta name=\"twitter:label1\" content=\"Tiempo de lectura\" \/>\n\t<meta name=\"twitter:data1\" content=\"1 minuto\" \/>\n<script type=\"application\/ld+json\" class=\"yoast-schema-graph\">{\"@context\":\"https:\\\/\\\/schema.org\",\"@graph\":[{\"@type\":\"WebPage\",\"@id\":\"https:\\\/\\\/ageworth.com\\\/es\\\/acerca-de-ageworth\\\/informacion-de-la-empresa\\\/\",\"url\":\"https:\\\/\\\/ageworth.com\\\/es\\\/acerca-de-ageworth\\\/informacion-de-la-empresa\\\/\",\"name\":\"Informaci\u00f3n de la empresa - AgeWorth\",\"isPartOf\":{\"@id\":\"https:\\\/\\\/ageworth.com\\\/es\\\/#website\"},\"datePublished\":\"2022-11-17T02:18:53+00:00\",\"dateModified\":\"2025-10-20T17:29:30+00:00\",\"breadcrumb\":{\"@id\":\"https:\\\/\\\/ageworth.com\\\/es\\\/acerca-de-ageworth\\\/informacion-de-la-empresa\\\/#breadcrumb\"},\"inLanguage\":\"es\",\"potentialAction\":[{\"@type\":\"ReadAction\",\"target\":[\"https:\\\/\\\/ageworth.com\\\/es\\\/acerca-de-ageworth\\\/informacion-de-la-empresa\\\/\"]}]},{\"@type\":\"BreadcrumbList\",\"@id\":\"https:\\\/\\\/ageworth.com\\\/es\\\/acerca-de-ageworth\\\/informacion-de-la-empresa\\\/#breadcrumb\",\"itemListElement\":[{\"@type\":\"ListItem\",\"position\":1,\"name\":\"Home\",\"item\":\"https:\\\/\\\/ageworth.com\\\/es\\\/\"},{\"@type\":\"ListItem\",\"position\":2,\"name\":\"Acerca de Ageworth\",\"item\":\"https:\\\/\\\/ageworth.com\\\/es\\\/acerca-de-ageworth\\\/\"},{\"@type\":\"ListItem\",\"position\":3,\"name\":\"Informaci\u00f3n de la empresa\"}]},{\"@type\":\"WebSite\",\"@id\":\"https:\\\/\\\/ageworth.com\\\/es\\\/#website\",\"url\":\"https:\\\/\\\/ageworth.com\\\/es\\\/\",\"name\":\"Ageworth\",\"description\":\"A significant you\",\"publisher\":{\"@id\":\"https:\\\/\\\/ageworth.com\\\/es\\\/#organization\"},\"potentialAction\":[{\"@type\":\"SearchAction\",\"target\":{\"@type\":\"EntryPoint\",\"urlTemplate\":\"https:\\\/\\\/ageworth.com\\\/es\\\/?s={search_term_string}\"},\"query-input\":{\"@type\":\"PropertyValueSpecification\",\"valueRequired\":true,\"valueName\":\"search_term_string\"}}],\"inLanguage\":\"es\"},{\"@type\":\"Organization\",\"@id\":\"https:\\\/\\\/ageworth.com\\\/es\\\/#organization\",\"name\":\"Ageworth\",\"url\":\"https:\\\/\\\/ageworth.com\\\/es\\\/\",\"logo\":{\"@type\":\"ImageObject\",\"inLanguage\":\"es\",\"@id\":\"https:\\\/\\\/ageworth.com\\\/es\\\/#\\\/schema\\\/logo\\\/image\\\/\",\"url\":\"https:\\\/\\\/ageworth.com\\\/wp-content\\\/uploads\\\/2024\\\/03\\\/cropped-Ageworth-logo-1.png\",\"contentUrl\":\"https:\\\/\\\/ageworth.com\\\/wp-content\\\/uploads\\\/2024\\\/03\\\/cropped-Ageworth-logo-1.png\",\"width\":512,\"height\":512,\"caption\":\"Ageworth\"},\"image\":{\"@id\":\"https:\\\/\\\/ageworth.com\\\/es\\\/#\\\/schema\\\/logo\\\/image\\\/\"},\"sameAs\":[\"https:\\\/\\\/m.facebook.com\\\/ageworth\",\"https:\\\/\\\/www.instagram.com\\\/ageworth\\\/\"]}]}<\/script>\n<!-- \/ Yoast SEO Premium plugin. -->","yoast_head_json":{"title":"Informaci\u00f3n de la empresa - AgeWorth","robots":{"index":"index","follow":"follow","max-snippet":"max-snippet:-1","max-image-preview":"max-image-preview:large","max-video-preview":"max-video-preview:-1"},"canonical":"https:\/\/ageworth.com\/es\/acerca-de-ageworth\/informacion-de-la-empresa\/","og_locale":"es_ES","og_type":"article","og_title":"Informaci\u00f3n de la empresa","og_description":"Informaci\u00f3n de la empresa Si eres proveedor o deseas obtener informaci\u00f3n sobre nuestra empresa, te invitamos a ponerte en contacto con nosotros por correo electr\u00f3nico o por tel\u00e9fono. Estamos dispuestos a responder a tus preguntas y a seguir ayud\u00e1ndote. Para contactar, puedes dirigirte a Correo electr\u00f3nico: klantenservice@ageworth.comTel\u00e9fono: 085-7326 954 WhatsApp Direcci\u00f3n Cl\u00ednicas AgeworthSpacelab 93824 MR, [&hellip;]","og_url":"https:\/\/ageworth.com\/es\/acerca-de-ageworth\/informacion-de-la-empresa\/","og_site_name":"AgeWorth","article_publisher":"https:\/\/m.facebook.com\/ageworth","article_modified_time":"2025-10-20T17:29:30+00:00","og_image":[{"width":1024,"height":683,"url":"https:\/\/ageworth.com\/wp-content\/uploads\/2024\/04\/image00022-1024x683.jpeg","type":"image\/jpeg"}],"twitter_card":"summary_large_image","twitter_misc":{"Tiempo de lectura":"1 minuto"},"schema":{"@context":"https:\/\/schema.org","@graph":[{"@type":"WebPage","@id":"https:\/\/ageworth.com\/es\/acerca-de-ageworth\/informacion-de-la-empresa\/","url":"https:\/\/ageworth.com\/es\/acerca-de-ageworth\/informacion-de-la-empresa\/","name":"Informaci\u00f3n de la empresa - AgeWorth","isPartOf":{"@id":"https:\/\/ageworth.com\/es\/#website"},"datePublished":"2022-11-17T02:18:53+00:00","dateModified":"2025-10-20T17:29:30+00:00","breadcrumb":{"@id":"https:\/\/ageworth.com\/es\/acerca-de-ageworth\/informacion-de-la-empresa\/#breadcrumb"},"inLanguage":"es","potentialAction":[{"@type":"ReadAction","target":["https:\/\/ageworth.com\/es\/acerca-de-ageworth\/informacion-de-la-empresa\/"]}]},{"@type":"BreadcrumbList","@id":"https:\/\/ageworth.com\/es\/acerca-de-ageworth\/informacion-de-la-empresa\/#breadcrumb","itemListElement":[{"@type":"ListItem","position":1,"name":"Home","item":"https:\/\/ageworth.com\/es\/"},{"@type":"ListItem","position":2,"name":"Acerca de Ageworth","item":"https:\/\/ageworth.com\/es\/acerca-de-ageworth\/"},{"@type":"ListItem","position":3,"name":"Informaci\u00f3n de la empresa"}]},{"@type":"WebSite","@id":"https:\/\/ageworth.com\/es\/#website","url":"https:\/\/ageworth.com\/es\/","name":"Ageworth","description":"A significant you","publisher":{"@id":"https:\/\/ageworth.com\/es\/#organization"},"potentialAction":[{"@type":"SearchAction","target":{"@type":"EntryPoint","urlTemplate":"https:\/\/ageworth.com\/es\/?s={search_term_string}"},"query-input":{"@type":"PropertyValueSpecification","valueRequired":true,"valueName":"search_term_string"}}],"inLanguage":"es"},{"@type":"Organization","@id":"https:\/\/ageworth.com\/es\/#organization","name":"Ageworth","url":"https:\/\/ageworth.com\/es\/","logo":{"@type":"ImageObject","inLanguage":"es","@id":"https:\/\/ageworth.com\/es\/#\/schema\/logo\/image\/","url":"https:\/\/ageworth.com\/wp-content\/uploads\/2024\/03\/cropped-Ageworth-logo-1.png","contentUrl":"https:\/\/ageworth.com\/wp-content\/uploads\/2024\/03\/cropped-Ageworth-logo-1.png","width":512,"height":512,"caption":"Ageworth"},"image":{"@id":"https:\/\/ageworth.com\/es\/#\/schema\/logo\/image\/"},"sameAs":["https:\/\/m.facebook.com\/ageworth","https:\/\/www.instagram.com\/ageworth\/"]}]}},"_links":{"self":[{"href":"https:\/\/ageworth.com\/es\/wp-json\/wp\/v2\/pages\/6379","targetHints":{"allow":["GET"]}}],"collection":[{"href":"https:\/\/ageworth.com\/es\/wp-json\/wp\/v2\/pages"}],"about":[{"href":"https:\/\/ageworth.com\/es\/wp-json\/wp\/v2\/types\/page"}],"author":[{"embeddable":true,"href":"https:\/\/ageworth.com\/es\/wp-json\/wp\/v2\/users\/1"}],"replies":[{"embeddable":true,"href":"https:\/\/ageworth.com\/es\/wp-json\/wp\/v2\/comments?post=6379"}],"version-history":[{"count":0,"href":"https:\/\/ageworth.com\/es\/wp-json\/wp\/v2\/pages\/6379\/revisions"}],"up":[{"embeddable":true,"href":"https:\/\/ageworth.com\/es\/wp-json\/wp\/v2\/pages\/6660"}],"wp:attachment":[{"href":"https:\/\/ageworth.com\/es\/wp-json\/wp\/v2\/media?parent=6379"}],"wp:term":[{"taxonomy":"categorieen","embeddable":true,"href":"https:\/\/ageworth.com\/es\/wp-json\/wp\/v2\/categorieen?post=6379"}],"curies":[{"name":"wp","href":"https:\/\/api.w.org\/{rel}","templated":true}]}}