{"id":6264,"date":"2022-12-01T10:15:35","date_gmt":"2022-12-01T10:15:35","guid":{"rendered":"https:\/\/ageworth.com\/descargos-de-responsabilidad\/"},"modified":"2024-12-03T10:50:19","modified_gmt":"2024-12-03T10:50:19","slug":"descargos-de-responsabilidad","status":"publish","type":"page","link":"https:\/\/ageworth.com\/es\/descargos-de-responsabilidad\/","title":{"rendered":"Descargos de responsabilidad"},"content":{"rendered":"\t\t<div data-elementor-type=\"wp-page\" data-elementor-id=\"6264\" class=\"elementor elementor-6264 elementor-4167\" data-elementor-post-type=\"page\">\n\t\t\t\t\t\t<section class=\"elementor-section elementor-top-section elementor-element elementor-element-5b9c493 elementor-section-boxed elementor-section-height-default elementor-section-height-default\" data-id=\"5b9c493\" data-element_type=\"section\" data-e-type=\"section\" data-settings=\"{&quot;jet_parallax_layout_list&quot;:[]}\">\n\t\t\t\t\t\t<div class=\"elementor-container elementor-column-gap-no\">\n\t\t\t\t\t<div class=\"elementor-column elementor-col-100 elementor-top-column elementor-element elementor-element-c9e74a9\" data-id=\"c9e74a9\" data-element_type=\"column\" data-e-type=\"column\">\n\t\t\t<div class=\"elementor-widget-wrap elementor-element-populated\">\n\t\t\t\t\t\t<div class=\"elementor-element elementor-element-d1488fe elementor-widget elementor-widget-heading\" data-id=\"d1488fe\" data-element_type=\"widget\" data-e-type=\"widget\" data-widget_type=\"heading.default\">\n\t\t\t\t<div class=\"elementor-widget-container\">\n\t\t\t\t\t<h1 class=\"elementor-heading-title elementor-size-default\">DISCLAIMERS<\/h1>\t\t\t\t<\/div>\n\t\t\t\t<\/div>\n\t\t\t\t\t<\/div>\n\t\t<\/div>\n\t\t\t\t\t<\/div>\n\t\t<\/section>\n\t\t\t\t<section class=\"elementor-section elementor-top-section elementor-element elementor-element-1389be4 elementor-section-boxed elementor-section-height-default elementor-section-height-default\" data-id=\"1389be4\" data-element_type=\"section\" data-e-type=\"section\" data-settings=\"{&quot;jet_parallax_layout_list&quot;:[]}\">\n\t\t\t\t\t\t<div class=\"elementor-container elementor-column-gap-no\">\n\t\t\t\t\t<div class=\"elementor-column elementor-col-100 elementor-top-column elementor-element elementor-element-553e502\" data-id=\"553e502\" data-element_type=\"column\" data-e-type=\"column\">\n\t\t\t<div class=\"elementor-widget-wrap elementor-element-populated\">\n\t\t\t\t\t\t<div class=\"elementor-element elementor-element-618b528 elementor-widget elementor-widget-text-editor\" data-id=\"618b528\" data-element_type=\"widget\" data-e-type=\"widget\" data-widget_type=\"text-editor.default\">\n\t\t\t\t<div class=\"elementor-widget-container\">\n\t\t\t\t\t\t\t\t\t<h2>Contenido<\/h2>\n<ol>\n<li><a href=\"applewebdata:\/\/BF05C111-3EF1-4912-A3F4-7519E87EF8F5#_Toc121151935\"> <strong>Descargo de responsabilidad para correos electr\u00f3nicos<\/strong><\/a><\/li>\n<li><a href=\"applewebdata:\/\/BF05C111-3EF1-4912-A3F4-7519E87EF8F5#_Toc121151936\"> <strong>Descargo de responsabilidad para el sitio web<\/strong><\/a><\/li>\n<\/ol>\n<p><a href=\"applewebdata:\/\/BF05C111-3EF1-4912-A3F4-7519E87EF8F5#_Toc121151937\"> 2.1 Informaci\u00f3n presente en el sitio web<\/a><\/p>\n<p><a href=\"applewebdata:\/\/BF05C111-3EF1-4912-A3F4-7519E87EF8F5#_Toc121151938\"> 2.2 Derechos de autor<\/a><\/p>\n<p><a href=\"applewebdata:\/\/BF05C111-3EF1-4912-A3F4-7519E87EF8F5#_Toc121151939\"> 2.3 Derechos<\/a><\/p>\n<p><a href=\"applewebdata:\/\/BF05C111-3EF1-4912-A3F4-7519E87EF8F5#_Toc121151940\"> 2.4 Cambios<\/a><\/p>\n<p><a href=\"applewebdata:\/\/BF05C111-3EF1-4912-A3F4-7519E87EF8F5#_Toc121151941\"> 2.5 Hiperv\u00ednculos<\/a><\/p>\n<\/p>\n<h2><a name=\"_Toc32842359\"><\/a><a name=\"_Toc46904101\"><\/a><a name=\"_Toc121151935\"><\/a><strong>1.<\/strong> <strong>Descargo de responsabilidad para correos electr\u00f3nicos<\/strong><\/h2>\n<p style=\"font-weight: 400;\">La informaci\u00f3n enviada con este mensaje de correo electr\u00f3nico de Ageworth Clinics est\u00e1 destinada exclusivamente al destinatario o los destinatarios y puede contener informaci\u00f3n personal o confidencial. El uso de esta informaci\u00f3n por parte de cualquier persona que no sea el destinatario o el uso por parte de aquellos no autorizados para recibir esta informaci\u00f3n est\u00e1 prohibido. Si no es el destinatario previsto o no est\u00e1 autorizado para recibirla, no se permite la divulgaci\u00f3n, reproducci\u00f3n, distribuci\u00f3n y\/o provisi\u00f3n de esta informaci\u00f3n a terceros, y se le solicita que devuelva este mensaje y destruya el original. A menos que se indique expresamente lo contrario, en este mensaje o en cualquier documento adjunto no se ha aplicado ninguna auditor\u00eda contable por parte de nosotros. Ageworth Clinics se libera de cualquier responsabilidad en los casos en que los datos de los mensajes de correo electr\u00f3nico de Ageworth Clinics hayan llegado a partes no deseadas.    <\/p>\n<\/p>\n<h2><a name=\"_Toc46904102\"><\/a><a name=\"_Toc121151936\"><\/a><a name=\"_Toc32842360\"><\/a><strong>2.<\/strong> <strong>Descargo de responsabilidad para el sitio<\/strong> <strong>web<\/strong><\/h2>\n<p style=\"font-weight: 400;\">Cuando visita nuestro sitio web Ageworth.com, es importante saber qu\u00e9 puede esperar. Naturalmente, siempre nos esforzamos por ser lo m\u00e1s claros posible en el sitio web. Sin embargo, puede haber casos en los que pueda tener dudas. Por lo tanto, este descargo de responsabilidad proporciona informaci\u00f3n que puede ser relevante para usted.   <\/p>\n<h6><a name=\"_Toc32842361\"><\/a><a name=\"_Toc46904103\"><\/a><a name=\"_Toc121151937\"><\/a>2.1 Informaci\u00f3n presente en el sitio web<\/h6>\n<p style=\"font-weight: 400;\">Ageworth Clinics no puede garantizar la precisi\u00f3n y actualidad de la informaci\u00f3n en el sitio web. Ageworth Clinics presta mucha atenci\u00f3n a la precisi\u00f3n de la informaci\u00f3n; sin embargo, es posible que la informaci\u00f3n se haya vuelto obsoleta debido, entre otras cosas, a nuevos hallazgos. <\/p>\n<p style=\"font-weight: 400;\">Por esta raz\u00f3n, no aceptamos ninguna forma de responsabilidad que surja directa o indirectamente de sus interpretaciones y uso de la informaci\u00f3n disponible en nuestro sitio web. Esto tambi\u00e9n se aplica a la informaci\u00f3n proporcionada por terceros a trav\u00e9s de este sitio web. Si tiene dudas, le recomendamos que se ponga en contacto con nosotros directamente.  <\/p>\n<h6><a name=\"_Toc32842362\"><\/a><a name=\"_Toc46904104\"><\/a><a name=\"_Toc121151938\"><\/a>2.2 Derechos de autor<\/h6>\n<p style=\"font-weight: 400;\">Todo el contenido de este sitio web est\u00e1 protegido por derechos de autor. Los derechos de autor de todo el contenido de este sitio web pertenecen a Ageworth Clinics. Sin el permiso expreso y por escrito de Ageworth Clinics, no est\u00e1 permitido copiar, reproducir o divulgar el contenido de este sitio web de ninguna manera.  <\/p>\n<h6><a name=\"_Toc32842364\"><\/a><a name=\"_Toc46904105\"><\/a><a name=\"_Toc121151939\"><\/a>2.3 Derechos<\/h6>\n<p style=\"font-weight: 400;\">No se pueden derivar derechos de la informaci\u00f3n en el sitio web de Ageworth Clinics. Para obtener m\u00e1s informaci\u00f3n al respecto, consulte <a href=\"https:\/\/ageworth.com\/es\/terminos-y-condiciones-generales\/\">nuestros T\u00e9rminos y condiciones<\/a>. <\/p>\n<h6><a name=\"_Toc32842365\"><\/a><a name=\"_Toc46904106\"><\/a><a name=\"_Toc121151940\"><\/a>2.4 Cambios<\/h6>\n<p style=\"font-weight: 400;\">Ageworth Clinics se reserva el derecho de modificar la informaci\u00f3n proporcionada en o a trav\u00e9s de este sitio web, incluido este descargo de responsabilidad, en cualquier momento sin previo aviso. Se recomienda verificar peri\u00f3dicamente si la informaci\u00f3n proporcionada en o a trav\u00e9s de este sitio web ha sido modificada. Tambi\u00e9n recomendamos revisar nuestros T\u00e9rminos y condiciones y Pol\u00edtica de privacidad al realizar compras a trav\u00e9s del sitio web.  <\/p>\n<h6><a name=\"_Toc46904107\"><\/a><a name=\"_Toc121151941\"><\/a>2.5 Hiperv\u00ednculos<\/h6>\n<p style=\"font-weight: 400;\">Este sitio web puede contener hiperv\u00ednculos a sitios web de terceros. Ageworth Clinics no tiene control sobre los sitios web de terceros y no se responsabiliza de su disponibilidad o contenido. Por lo tanto, Ageworth Clinics se libera de cualquier responsabilidad por los da\u00f1os que resulten del uso de sitios web de terceros.  <\/p>\n<p style=\"font-weight: 400;\"><strong>Si tiene alguna pregunta adicional sobre nuestros descargos de responsabilidad, no dude en ponerse en contacto con nosotros utilizando los datos de contacto a continuaci\u00f3n. <\/strong><\/p>\n<p style=\"font-weight: 400;\"><a href=\"mailto:Klantenservice@ageworth.com\">Klantenservice@ageworth.com<\/a><\/p>\n<p style=\"font-weight: 400;\"><u>Spacelab 9 l 3824 MR l Amersfoort<\/u><\/p>\n<p style=\"font-weight: 400;\"><u>N.\u00ba de C\u00e1mara de Comercio 73930474<\/u><\/p>\n<p style=\"font-weight: 400;\"><strong><em>Versi\u00f3n de diciembre de 2022<\/em><\/strong><\/p>\n\t\t\t\t\t\t\t\t<\/div>\n\t\t\t\t<\/div>\n\t\t\t\t\t<\/div>\n\t\t<\/div>\n\t\t\t\t\t<\/div>\n\t\t<\/section>\n\t\t\t\t<\/div>\n\t\t","protected":false},"excerpt":{"rendered":"<p>DISCLAIMERS Contenido Descargo de responsabilidad para correos electr\u00f3nicos Descargo de responsabilidad para el sitio web 2.1 Informaci\u00f3n presente en el sitio web 2.2 Derechos de autor 2.3 Derechos 2.4 Cambios 2.5 Hiperv\u00ednculos 1. Descargo de responsabilidad para correos electr\u00f3nicos La informaci\u00f3n enviada con este mensaje de correo electr\u00f3nico de Ageworth Clinics est\u00e1 destinada exclusivamente al [&hellip;]<\/p>\n","protected":false},"author":1,"featured_media":0,"parent":0,"menu_order":0,"comment_status":"closed","ping_status":"closed","template":"","meta":{"footnotes":""},"categorieen":[],"class_list":["post-6264","page","type-page","status-publish","hentry"],"yoast_head":"<!-- This site is optimized with the Yoast SEO Premium plugin v26.0 (Yoast SEO v27.3) - https:\/\/yoast.com\/product\/yoast-seo-premium-wordpress\/ -->\n<title>Descargos de responsabilidad - AgeWorth<\/title>\n<meta name=\"robots\" content=\"index, follow, max-snippet:-1, max-image-preview:large, max-video-preview:-1\" \/>\n<link rel=\"canonical\" href=\"https:\/\/ageworth.com\/es\/descargos-de-responsabilidad\/\" \/>\n<meta property=\"og:locale\" content=\"es_ES\" \/>\n<meta property=\"og:type\" content=\"article\" \/>\n<meta property=\"og:title\" content=\"Descargos de responsabilidad\" \/>\n<meta property=\"og:description\" content=\"DISCLAIMERS Contenido Descargo de responsabilidad para correos electr\u00f3nicos Descargo de responsabilidad para el sitio web 2.1 Informaci\u00f3n presente en el sitio web 2.2 Derechos de autor 2.3 Derechos 2.4 Cambios 2.5 Hiperv\u00ednculos 1. Descargo de responsabilidad para correos electr\u00f3nicos La informaci\u00f3n enviada con este mensaje de correo electr\u00f3nico de Ageworth Clinics est\u00e1 destinada exclusivamente al [&hellip;]\" \/>\n<meta property=\"og:url\" content=\"https:\/\/ageworth.com\/es\/descargos-de-responsabilidad\/\" \/>\n<meta property=\"og:site_name\" content=\"AgeWorth\" \/>\n<meta property=\"article:publisher\" content=\"https:\/\/m.facebook.com\/ageworth\" \/>\n<meta property=\"article:modified_time\" content=\"2024-12-03T10:50:19+00:00\" \/>\n<meta property=\"og:image\" content=\"https:\/\/ageworth.com\/wp-content\/uploads\/2024\/04\/image00022-1024x683.jpeg\" \/>\n\t<meta property=\"og:image:width\" content=\"1024\" \/>\n\t<meta property=\"og:image:height\" content=\"683\" \/>\n\t<meta property=\"og:image:type\" content=\"image\/jpeg\" \/>\n<meta name=\"twitter:card\" content=\"summary_large_image\" \/>\n<meta name=\"twitter:label1\" content=\"Tiempo de lectura\" \/>\n\t<meta name=\"twitter:data1\" content=\"3 minutos\" \/>\n<script type=\"application\/ld+json\" class=\"yoast-schema-graph\">{\"@context\":\"https:\\\/\\\/schema.org\",\"@graph\":[{\"@type\":\"WebPage\",\"@id\":\"https:\\\/\\\/ageworth.com\\\/es\\\/descargos-de-responsabilidad\\\/\",\"url\":\"https:\\\/\\\/ageworth.com\\\/es\\\/descargos-de-responsabilidad\\\/\",\"name\":\"Descargos de responsabilidad - AgeWorth\",\"isPartOf\":{\"@id\":\"https:\\\/\\\/ageworth.com\\\/es\\\/#website\"},\"datePublished\":\"2022-12-01T10:15:35+00:00\",\"dateModified\":\"2024-12-03T10:50:19+00:00\",\"breadcrumb\":{\"@id\":\"https:\\\/\\\/ageworth.com\\\/es\\\/descargos-de-responsabilidad\\\/#breadcrumb\"},\"inLanguage\":\"es\",\"potentialAction\":[{\"@type\":\"ReadAction\",\"target\":[\"https:\\\/\\\/ageworth.com\\\/es\\\/descargos-de-responsabilidad\\\/\"]}]},{\"@type\":\"BreadcrumbList\",\"@id\":\"https:\\\/\\\/ageworth.com\\\/es\\\/descargos-de-responsabilidad\\\/#breadcrumb\",\"itemListElement\":[{\"@type\":\"ListItem\",\"position\":1,\"name\":\"Home\",\"item\":\"https:\\\/\\\/ageworth.com\\\/es\\\/\"},{\"@type\":\"ListItem\",\"position\":2,\"name\":\"Descargos de responsabilidad\"}]},{\"@type\":\"WebSite\",\"@id\":\"https:\\\/\\\/ageworth.com\\\/es\\\/#website\",\"url\":\"https:\\\/\\\/ageworth.com\\\/es\\\/\",\"name\":\"Ageworth\",\"description\":\"A significant you\",\"publisher\":{\"@id\":\"https:\\\/\\\/ageworth.com\\\/es\\\/#organization\"},\"potentialAction\":[{\"@type\":\"SearchAction\",\"target\":{\"@type\":\"EntryPoint\",\"urlTemplate\":\"https:\\\/\\\/ageworth.com\\\/es\\\/?s={search_term_string}\"},\"query-input\":{\"@type\":\"PropertyValueSpecification\",\"valueRequired\":true,\"valueName\":\"search_term_string\"}}],\"inLanguage\":\"es\"},{\"@type\":\"Organization\",\"@id\":\"https:\\\/\\\/ageworth.com\\\/es\\\/#organization\",\"name\":\"Ageworth\",\"url\":\"https:\\\/\\\/ageworth.com\\\/es\\\/\",\"logo\":{\"@type\":\"ImageObject\",\"inLanguage\":\"es\",\"@id\":\"https:\\\/\\\/ageworth.com\\\/es\\\/#\\\/schema\\\/logo\\\/image\\\/\",\"url\":\"https:\\\/\\\/ageworth.com\\\/wp-content\\\/uploads\\\/2024\\\/03\\\/cropped-Ageworth-logo-1.png\",\"contentUrl\":\"https:\\\/\\\/ageworth.com\\\/wp-content\\\/uploads\\\/2024\\\/03\\\/cropped-Ageworth-logo-1.png\",\"width\":512,\"height\":512,\"caption\":\"Ageworth\"},\"image\":{\"@id\":\"https:\\\/\\\/ageworth.com\\\/es\\\/#\\\/schema\\\/logo\\\/image\\\/\"},\"sameAs\":[\"https:\\\/\\\/m.facebook.com\\\/ageworth\",\"https:\\\/\\\/www.instagram.com\\\/ageworth\\\/\"]}]}<\/script>\n<!-- \/ Yoast SEO Premium plugin. -->","yoast_head_json":{"title":"Descargos de responsabilidad - AgeWorth","robots":{"index":"index","follow":"follow","max-snippet":"max-snippet:-1","max-image-preview":"max-image-preview:large","max-video-preview":"max-video-preview:-1"},"canonical":"https:\/\/ageworth.com\/es\/descargos-de-responsabilidad\/","og_locale":"es_ES","og_type":"article","og_title":"Descargos de responsabilidad","og_description":"DISCLAIMERS Contenido Descargo de responsabilidad para correos electr\u00f3nicos Descargo de responsabilidad para el sitio web 2.1 Informaci\u00f3n presente en el sitio web 2.2 Derechos de autor 2.3 Derechos 2.4 Cambios 2.5 Hiperv\u00ednculos 1. Descargo de responsabilidad para correos electr\u00f3nicos La informaci\u00f3n enviada con este mensaje de correo electr\u00f3nico de Ageworth Clinics est\u00e1 destinada exclusivamente al [&hellip;]","og_url":"https:\/\/ageworth.com\/es\/descargos-de-responsabilidad\/","og_site_name":"AgeWorth","article_publisher":"https:\/\/m.facebook.com\/ageworth","article_modified_time":"2024-12-03T10:50:19+00:00","og_image":[{"width":1024,"height":683,"url":"https:\/\/ageworth.com\/wp-content\/uploads\/2024\/04\/image00022-1024x683.jpeg","type":"image\/jpeg"}],"twitter_card":"summary_large_image","twitter_misc":{"Tiempo de lectura":"3 minutos"},"schema":{"@context":"https:\/\/schema.org","@graph":[{"@type":"WebPage","@id":"https:\/\/ageworth.com\/es\/descargos-de-responsabilidad\/","url":"https:\/\/ageworth.com\/es\/descargos-de-responsabilidad\/","name":"Descargos de responsabilidad - AgeWorth","isPartOf":{"@id":"https:\/\/ageworth.com\/es\/#website"},"datePublished":"2022-12-01T10:15:35+00:00","dateModified":"2024-12-03T10:50:19+00:00","breadcrumb":{"@id":"https:\/\/ageworth.com\/es\/descargos-de-responsabilidad\/#breadcrumb"},"inLanguage":"es","potentialAction":[{"@type":"ReadAction","target":["https:\/\/ageworth.com\/es\/descargos-de-responsabilidad\/"]}]},{"@type":"BreadcrumbList","@id":"https:\/\/ageworth.com\/es\/descargos-de-responsabilidad\/#breadcrumb","itemListElement":[{"@type":"ListItem","position":1,"name":"Home","item":"https:\/\/ageworth.com\/es\/"},{"@type":"ListItem","position":2,"name":"Descargos de responsabilidad"}]},{"@type":"WebSite","@id":"https:\/\/ageworth.com\/es\/#website","url":"https:\/\/ageworth.com\/es\/","name":"Ageworth","description":"A significant you","publisher":{"@id":"https:\/\/ageworth.com\/es\/#organization"},"potentialAction":[{"@type":"SearchAction","target":{"@type":"EntryPoint","urlTemplate":"https:\/\/ageworth.com\/es\/?s={search_term_string}"},"query-input":{"@type":"PropertyValueSpecification","valueRequired":true,"valueName":"search_term_string"}}],"inLanguage":"es"},{"@type":"Organization","@id":"https:\/\/ageworth.com\/es\/#organization","name":"Ageworth","url":"https:\/\/ageworth.com\/es\/","logo":{"@type":"ImageObject","inLanguage":"es","@id":"https:\/\/ageworth.com\/es\/#\/schema\/logo\/image\/","url":"https:\/\/ageworth.com\/wp-content\/uploads\/2024\/03\/cropped-Ageworth-logo-1.png","contentUrl":"https:\/\/ageworth.com\/wp-content\/uploads\/2024\/03\/cropped-Ageworth-logo-1.png","width":512,"height":512,"caption":"Ageworth"},"image":{"@id":"https:\/\/ageworth.com\/es\/#\/schema\/logo\/image\/"},"sameAs":["https:\/\/m.facebook.com\/ageworth","https:\/\/www.instagram.com\/ageworth\/"]}]}},"_links":{"self":[{"href":"https:\/\/ageworth.com\/es\/wp-json\/wp\/v2\/pages\/6264","targetHints":{"allow":["GET"]}}],"collection":[{"href":"https:\/\/ageworth.com\/es\/wp-json\/wp\/v2\/pages"}],"about":[{"href":"https:\/\/ageworth.com\/es\/wp-json\/wp\/v2\/types\/page"}],"author":[{"embeddable":true,"href":"https:\/\/ageworth.com\/es\/wp-json\/wp\/v2\/users\/1"}],"replies":[{"embeddable":true,"href":"https:\/\/ageworth.com\/es\/wp-json\/wp\/v2\/comments?post=6264"}],"version-history":[{"count":0,"href":"https:\/\/ageworth.com\/es\/wp-json\/wp\/v2\/pages\/6264\/revisions"}],"wp:attachment":[{"href":"https:\/\/ageworth.com\/es\/wp-json\/wp\/v2\/media?parent=6264"}],"wp:term":[{"taxonomy":"categorieen","embeddable":true,"href":"https:\/\/ageworth.com\/es\/wp-json\/wp\/v2\/categorieen?post=6264"}],"curies":[{"name":"wp","href":"https:\/\/api.w.org\/{rel}","templated":true}]}}