{"id":6260,"date":"2022-12-01T10:15:16","date_gmt":"2022-12-01T10:15:16","guid":{"rendered":"https:\/\/ageworth.com\/politica-de-cookies\/"},"modified":"2023-08-09T14:29:34","modified_gmt":"2023-08-09T14:29:34","slug":"politica-de-cookies","status":"publish","type":"page","link":"https:\/\/ageworth.com\/es\/politica-de-cookies\/","title":{"rendered":"Pol\u00edtica de cookies"},"content":{"rendered":"\t\t<div data-elementor-type=\"wp-page\" data-elementor-id=\"6260\" class=\"elementor elementor-6260 elementor-4153\" data-elementor-post-type=\"page\">\n\t\t\t\t\t\t<section class=\"elementor-section elementor-top-section elementor-element elementor-element-de85877 elementor-section-boxed elementor-section-height-default elementor-section-height-default\" data-id=\"de85877\" data-element_type=\"section\" data-e-type=\"section\" data-settings=\"{&quot;jet_parallax_layout_list&quot;:[]}\">\n\t\t\t\t\t\t<div class=\"elementor-container elementor-column-gap-no\">\n\t\t\t\t\t<div class=\"elementor-column elementor-col-100 elementor-top-column elementor-element elementor-element-409e585\" data-id=\"409e585\" data-element_type=\"column\" data-e-type=\"column\">\n\t\t\t<div class=\"elementor-widget-wrap elementor-element-populated\">\n\t\t\t\t\t\t<div class=\"elementor-element elementor-element-9c4b412 elementor-widget elementor-widget-heading\" data-id=\"9c4b412\" data-element_type=\"widget\" data-e-type=\"widget\" data-widget_type=\"heading.default\">\n\t\t\t\t<div class=\"elementor-widget-container\">\n\t\t\t\t\t<h2 class=\"elementor-heading-title elementor-size-default\">COOKIE STATEMENT<\/h2>\t\t\t\t<\/div>\n\t\t\t\t<\/div>\n\t\t\t\t\t<\/div>\n\t\t<\/div>\n\t\t\t\t\t<\/div>\n\t\t<\/section>\n\t\t\t\t<section class=\"elementor-section elementor-top-section elementor-element elementor-element-d74ad35 elementor-section-boxed elementor-section-height-default elementor-section-height-default\" data-id=\"d74ad35\" data-element_type=\"section\" data-e-type=\"section\" data-settings=\"{&quot;jet_parallax_layout_list&quot;:[]}\">\n\t\t\t\t\t\t<div class=\"elementor-container elementor-column-gap-no\">\n\t\t\t\t\t<div class=\"elementor-column elementor-col-100 elementor-top-column elementor-element elementor-element-7d56d2b\" data-id=\"7d56d2b\" data-element_type=\"column\" data-e-type=\"column\">\n\t\t\t<div class=\"elementor-widget-wrap elementor-element-populated\">\n\t\t\t\t\t\t<div class=\"elementor-element elementor-element-ff78dad elementor-widget elementor-widget-text-editor\" data-id=\"ff78dad\" data-element_type=\"widget\" data-e-type=\"widget\" data-widget_type=\"text-editor.default\">\n\t\t\t\t<div class=\"elementor-widget-container\">\n\t\t\t\t\t\t\t\t\t<h2>Contenido<\/h2>\n<ol>\n<li><a href=\"applewebdata:\/\/BF4076FF-89FD-4565-9813-2F96A592AE34#_Toc121151950\"> <strong>Introducci\u00f3n:<\/strong><\/a><\/li>\n<\/ol>\n<p><a href=\"applewebdata:\/\/BF4076FF-89FD-4565-9813-2F96A592AE34#_Toc121151951\"> 1.1 Cookies funcionales<\/a><\/p>\n<\/p>\n<h2><a name=\"_Toc42848066\"><\/a><a name=\"_Toc121151950\"><\/a><strong>1. <\/strong><strong>Introducci\u00f3n:<\/strong><\/h2>\n<p style=\"font-weight: 400;\">Esta es la pol\u00edtica de cookies de Ageworth Clinics. Aqu\u00ed encontrar\u00e1 informaci\u00f3n sobre las cookies que Ageworth Clinics coloca en sus dispositivos a trav\u00e9s del sitio web Ageworth.com. Estos dispositivos pueden incluir computadoras, tel\u00e9fonos inteligentes, tabletas y computadoras port\u00e1tiles. <\/p>\n<p style=\"font-weight: 400;\">Ageworth Clinics utiliza cookies para brindarle, como visitante, un servicio y una experiencia de usuario \u00f3ptimos. Ageworth Clinics solicitar\u00e1 su consentimiento para el uso de ciertas cookies a trav\u00e9s de un banner. <\/p>\n<p style=\"font-weight: 400;\"><strong><em>\u00bfQu\u00e9 son las cookies? <\/em><\/strong><\/p>\n<p style=\"font-weight: 400;\">Las cookies son peque\u00f1os archivos de texto que un sitio web coloca en una PC, tel\u00e9fono m\u00f3vil o tableta. Los datos almacenados y\/o recopilados por una cookie pueden variar seg\u00fan la cookie. Estos datos pueden incluir informaci\u00f3n sobre el funcionamiento de nuestro sitio web o crear un perfil digital de los visitantes del sitio web de Ageworth Clinics.  <\/p>\n<p style=\"font-weight: 400;\">Existen tres tipos diferentes de cookies, cada una con su propia funci\u00f3n. Ageworth Clinics solo coloca cookies funcionales. Para mayor claridad, proporcionamos una breve descripci\u00f3n de todos los tipos de cookies. <\/p>\n<p style=\"font-weight: 400;\"><strong>Las cookies funcionales<\/strong> se utilizan para garantizar que ciertas funciones del sitio web funcionen correctamente. Por ejemplo, el pop-up para el banner de cookies o garantizar la carga adecuada de nuestro sitio web. <\/p>\n<p style=\"font-weight: 400;\"><strong>Las cookies anal\u00edticas<\/strong> registran el uso de los visitantes en el sitio web. Estos datos tienen como \u00fanico prop\u00f3sito evaluar c\u00f3mo funciona y se utiliza el sitio web de Ageworth Clinics. Las cookies anal\u00edticas, por ejemplo, registran si una p\u00e1gina del sitio web se carga correctamente.  <\/p>\n<p style=\"font-weight: 400;\"><strong>Las cookies de marketing<\/strong> se utilizan para mostrar anuncios dirigidos a los visitantes de Ageworth Clinics. Cuando busca un t\u00e9rmino relacionado con Ageworth Clinics, es posible que vea un anuncio de Ageworth Clinics. Este anuncio tambi\u00e9n puede estar basado en su comportamiento en Internet. Adem\u00e1s, tambi\u00e9n se incluyen aqu\u00ed las cookies utilizadas por las redes sociales, ya que estas cookies se utilizan para anuncios.    <\/p>\n<p style=\"font-weight: 400;\">A continuaci\u00f3n, ofrecemos una descripci\u00f3n clara de las cookies que Ageworth Clinics puede colocar. Ageworth Clinics solo coloca cookies funcionales. Las cookies se muestran con las duraciones especificadas por las propias cookies.  <\/p>\n<h6><a name=\"_Toc121151951\"><\/a>1.1 Cookies funcionales<\/h6>\n<table style=\"font-weight: 400;\" width=\"604\">\n<tbody>\n<tr>\n<td width=\"122\">\n<p><strong>Cookie<\/strong><\/p>\n<\/td>\n<td width=\"369\">\n<p><strong>Prop\u00f3sito<\/strong><\/p>\n<\/td>\n<td width=\"113\">\n<p><strong>Per\u00edodo de almacenamiento<\/strong><\/p>\n<\/td>\n<\/tr>\n<tr>\n<td width=\"122\">\n<p>Elementor<\/p>\n<\/td>\n<td width=\"369\">\n<p>Se utiliza en conjunto con el tema de WordPress del sitio web. La cookie permite al propietario del sitio web implementar cambios en tiempo real en el contenido del sitio web. <\/p>\n<\/td>\n<td width=\"113\">\n<p><strong>Persistente<\/strong><\/p>\n<\/td>\n<\/tr>\n<\/tbody>\n<\/table>\n<p style=\"font-weight: 400;\">\n<p style=\"font-weight: 400;\"><strong>Si tiene alguna pregunta sobre nuestra Declaraci\u00f3n de cookies, puede comunicarse con nosotros utilizando los siguientes datos de contacto: <\/strong><\/p>\n<p style=\"font-weight: 400;\">\n<p style=\"font-weight: 400;\"><a href=\"mailto:Klantenservice@ageworth.com\">Klantenservice@ageworth.com<\/a><\/p>\n<p style=\"font-weight: 400;\"><u>Spacelab 9 l 3824 MR l Amersfoort<\/u><\/p>\n<p style=\"font-weight: 400;\"><u>N.\u00ba de C\u00e1mara de Comercio 73930474<\/u><\/p>\n<p style=\"font-weight: 400;\"><strong><em> <\/em><\/strong><\/p>\n<p style=\"font-weight: 400;\"><strong><em>Versi\u00f3n de diciembre de 2022<\/em><\/strong><\/p>\n<p><strong> <\/strong><\/p>\n\t\t\t\t\t\t\t\t<\/div>\n\t\t\t\t<\/div>\n\t\t\t\t\t<\/div>\n\t\t<\/div>\n\t\t\t\t\t<\/div>\n\t\t<\/section>\n\t\t\t\t<\/div>\n\t\t","protected":false},"excerpt":{"rendered":"<p>COOKIE STATEMENT Contenido Introducci\u00f3n: 1.1 Cookies funcionales 1. Introducci\u00f3n: Esta es la pol\u00edtica de cookies de Ageworth Clinics. Aqu\u00ed encontrar\u00e1 informaci\u00f3n sobre las cookies que Ageworth Clinics coloca en sus dispositivos a trav\u00e9s del sitio web Ageworth.com. Estos dispositivos pueden incluir computadoras, tel\u00e9fonos inteligentes, tabletas y computadoras port\u00e1tiles. Ageworth Clinics utiliza cookies para brindarle, como [&hellip;]<\/p>\n","protected":false},"author":1,"featured_media":0,"parent":0,"menu_order":0,"comment_status":"closed","ping_status":"closed","template":"","meta":{"footnotes":""},"categorieen":[],"class_list":["post-6260","page","type-page","status-publish","hentry"],"yoast_head":"<!-- This site is optimized with the Yoast SEO Premium plugin v26.0 (Yoast SEO v27.3) - https:\/\/yoast.com\/product\/yoast-seo-premium-wordpress\/ -->\n<title>Pol\u00edtica de cookies - AgeWorth<\/title>\n<meta name=\"robots\" content=\"index, follow, max-snippet:-1, max-image-preview:large, max-video-preview:-1\" \/>\n<link rel=\"canonical\" href=\"https:\/\/ageworth.com\/es\/politica-de-cookies\/\" \/>\n<meta property=\"og:locale\" content=\"es_ES\" \/>\n<meta property=\"og:type\" content=\"article\" \/>\n<meta property=\"og:title\" content=\"Pol\u00edtica de cookies\" \/>\n<meta property=\"og:description\" content=\"COOKIE STATEMENT Contenido Introducci\u00f3n: 1.1 Cookies funcionales 1. Introducci\u00f3n: Esta es la pol\u00edtica de cookies de Ageworth Clinics. Aqu\u00ed encontrar\u00e1 informaci\u00f3n sobre las cookies que Ageworth Clinics coloca en sus dispositivos a trav\u00e9s del sitio web Ageworth.com. Estos dispositivos pueden incluir computadoras, tel\u00e9fonos inteligentes, tabletas y computadoras port\u00e1tiles. Ageworth Clinics utiliza cookies para brindarle, como [&hellip;]\" \/>\n<meta property=\"og:url\" content=\"https:\/\/ageworth.com\/es\/politica-de-cookies\/\" \/>\n<meta property=\"og:site_name\" content=\"AgeWorth\" \/>\n<meta property=\"article:publisher\" content=\"https:\/\/m.facebook.com\/ageworth\" \/>\n<meta property=\"article:modified_time\" content=\"2023-08-09T14:29:34+00:00\" \/>\n<meta property=\"og:image\" content=\"https:\/\/ageworth.com\/wp-content\/uploads\/2024\/04\/image00022-1024x683.jpeg\" \/>\n\t<meta property=\"og:image:width\" content=\"1024\" \/>\n\t<meta property=\"og:image:height\" content=\"683\" \/>\n\t<meta property=\"og:image:type\" content=\"image\/jpeg\" \/>\n<meta name=\"twitter:card\" content=\"summary_large_image\" \/>\n<meta name=\"twitter:label1\" content=\"Tiempo de lectura\" \/>\n\t<meta name=\"twitter:data1\" content=\"2 minutos\" \/>\n<script type=\"application\/ld+json\" class=\"yoast-schema-graph\">{\"@context\":\"https:\\\/\\\/schema.org\",\"@graph\":[{\"@type\":\"WebPage\",\"@id\":\"https:\\\/\\\/ageworth.com\\\/es\\\/politica-de-cookies\\\/\",\"url\":\"https:\\\/\\\/ageworth.com\\\/es\\\/politica-de-cookies\\\/\",\"name\":\"Pol\u00edtica de cookies - AgeWorth\",\"isPartOf\":{\"@id\":\"https:\\\/\\\/ageworth.com\\\/es\\\/#website\"},\"datePublished\":\"2022-12-01T10:15:16+00:00\",\"dateModified\":\"2023-08-09T14:29:34+00:00\",\"breadcrumb\":{\"@id\":\"https:\\\/\\\/ageworth.com\\\/es\\\/politica-de-cookies\\\/#breadcrumb\"},\"inLanguage\":\"es\",\"potentialAction\":[{\"@type\":\"ReadAction\",\"target\":[\"https:\\\/\\\/ageworth.com\\\/es\\\/politica-de-cookies\\\/\"]}]},{\"@type\":\"BreadcrumbList\",\"@id\":\"https:\\\/\\\/ageworth.com\\\/es\\\/politica-de-cookies\\\/#breadcrumb\",\"itemListElement\":[{\"@type\":\"ListItem\",\"position\":1,\"name\":\"Home\",\"item\":\"https:\\\/\\\/ageworth.com\\\/es\\\/\"},{\"@type\":\"ListItem\",\"position\":2,\"name\":\"Pol\u00edtica de cookies\"}]},{\"@type\":\"WebSite\",\"@id\":\"https:\\\/\\\/ageworth.com\\\/es\\\/#website\",\"url\":\"https:\\\/\\\/ageworth.com\\\/es\\\/\",\"name\":\"Ageworth\",\"description\":\"A significant you\",\"publisher\":{\"@id\":\"https:\\\/\\\/ageworth.com\\\/es\\\/#organization\"},\"potentialAction\":[{\"@type\":\"SearchAction\",\"target\":{\"@type\":\"EntryPoint\",\"urlTemplate\":\"https:\\\/\\\/ageworth.com\\\/es\\\/?s={search_term_string}\"},\"query-input\":{\"@type\":\"PropertyValueSpecification\",\"valueRequired\":true,\"valueName\":\"search_term_string\"}}],\"inLanguage\":\"es\"},{\"@type\":\"Organization\",\"@id\":\"https:\\\/\\\/ageworth.com\\\/es\\\/#organization\",\"name\":\"Ageworth\",\"url\":\"https:\\\/\\\/ageworth.com\\\/es\\\/\",\"logo\":{\"@type\":\"ImageObject\",\"inLanguage\":\"es\",\"@id\":\"https:\\\/\\\/ageworth.com\\\/es\\\/#\\\/schema\\\/logo\\\/image\\\/\",\"url\":\"https:\\\/\\\/ageworth.com\\\/wp-content\\\/uploads\\\/2024\\\/03\\\/cropped-Ageworth-logo-1.png\",\"contentUrl\":\"https:\\\/\\\/ageworth.com\\\/wp-content\\\/uploads\\\/2024\\\/03\\\/cropped-Ageworth-logo-1.png\",\"width\":512,\"height\":512,\"caption\":\"Ageworth\"},\"image\":{\"@id\":\"https:\\\/\\\/ageworth.com\\\/es\\\/#\\\/schema\\\/logo\\\/image\\\/\"},\"sameAs\":[\"https:\\\/\\\/m.facebook.com\\\/ageworth\",\"https:\\\/\\\/www.instagram.com\\\/ageworth\\\/\"]}]}<\/script>\n<!-- \/ Yoast SEO Premium plugin. -->","yoast_head_json":{"title":"Pol\u00edtica de cookies - AgeWorth","robots":{"index":"index","follow":"follow","max-snippet":"max-snippet:-1","max-image-preview":"max-image-preview:large","max-video-preview":"max-video-preview:-1"},"canonical":"https:\/\/ageworth.com\/es\/politica-de-cookies\/","og_locale":"es_ES","og_type":"article","og_title":"Pol\u00edtica de cookies","og_description":"COOKIE STATEMENT Contenido Introducci\u00f3n: 1.1 Cookies funcionales 1. Introducci\u00f3n: Esta es la pol\u00edtica de cookies de Ageworth Clinics. Aqu\u00ed encontrar\u00e1 informaci\u00f3n sobre las cookies que Ageworth Clinics coloca en sus dispositivos a trav\u00e9s del sitio web Ageworth.com. Estos dispositivos pueden incluir computadoras, tel\u00e9fonos inteligentes, tabletas y computadoras port\u00e1tiles. Ageworth Clinics utiliza cookies para brindarle, como [&hellip;]","og_url":"https:\/\/ageworth.com\/es\/politica-de-cookies\/","og_site_name":"AgeWorth","article_publisher":"https:\/\/m.facebook.com\/ageworth","article_modified_time":"2023-08-09T14:29:34+00:00","og_image":[{"width":1024,"height":683,"url":"https:\/\/ageworth.com\/wp-content\/uploads\/2024\/04\/image00022-1024x683.jpeg","type":"image\/jpeg"}],"twitter_card":"summary_large_image","twitter_misc":{"Tiempo de lectura":"2 minutos"},"schema":{"@context":"https:\/\/schema.org","@graph":[{"@type":"WebPage","@id":"https:\/\/ageworth.com\/es\/politica-de-cookies\/","url":"https:\/\/ageworth.com\/es\/politica-de-cookies\/","name":"Pol\u00edtica de cookies - AgeWorth","isPartOf":{"@id":"https:\/\/ageworth.com\/es\/#website"},"datePublished":"2022-12-01T10:15:16+00:00","dateModified":"2023-08-09T14:29:34+00:00","breadcrumb":{"@id":"https:\/\/ageworth.com\/es\/politica-de-cookies\/#breadcrumb"},"inLanguage":"es","potentialAction":[{"@type":"ReadAction","target":["https:\/\/ageworth.com\/es\/politica-de-cookies\/"]}]},{"@type":"BreadcrumbList","@id":"https:\/\/ageworth.com\/es\/politica-de-cookies\/#breadcrumb","itemListElement":[{"@type":"ListItem","position":1,"name":"Home","item":"https:\/\/ageworth.com\/es\/"},{"@type":"ListItem","position":2,"name":"Pol\u00edtica de cookies"}]},{"@type":"WebSite","@id":"https:\/\/ageworth.com\/es\/#website","url":"https:\/\/ageworth.com\/es\/","name":"Ageworth","description":"A significant you","publisher":{"@id":"https:\/\/ageworth.com\/es\/#organization"},"potentialAction":[{"@type":"SearchAction","target":{"@type":"EntryPoint","urlTemplate":"https:\/\/ageworth.com\/es\/?s={search_term_string}"},"query-input":{"@type":"PropertyValueSpecification","valueRequired":true,"valueName":"search_term_string"}}],"inLanguage":"es"},{"@type":"Organization","@id":"https:\/\/ageworth.com\/es\/#organization","name":"Ageworth","url":"https:\/\/ageworth.com\/es\/","logo":{"@type":"ImageObject","inLanguage":"es","@id":"https:\/\/ageworth.com\/es\/#\/schema\/logo\/image\/","url":"https:\/\/ageworth.com\/wp-content\/uploads\/2024\/03\/cropped-Ageworth-logo-1.png","contentUrl":"https:\/\/ageworth.com\/wp-content\/uploads\/2024\/03\/cropped-Ageworth-logo-1.png","width":512,"height":512,"caption":"Ageworth"},"image":{"@id":"https:\/\/ageworth.com\/es\/#\/schema\/logo\/image\/"},"sameAs":["https:\/\/m.facebook.com\/ageworth","https:\/\/www.instagram.com\/ageworth\/"]}]}},"_links":{"self":[{"href":"https:\/\/ageworth.com\/es\/wp-json\/wp\/v2\/pages\/6260","targetHints":{"allow":["GET"]}}],"collection":[{"href":"https:\/\/ageworth.com\/es\/wp-json\/wp\/v2\/pages"}],"about":[{"href":"https:\/\/ageworth.com\/es\/wp-json\/wp\/v2\/types\/page"}],"author":[{"embeddable":true,"href":"https:\/\/ageworth.com\/es\/wp-json\/wp\/v2\/users\/1"}],"replies":[{"embeddable":true,"href":"https:\/\/ageworth.com\/es\/wp-json\/wp\/v2\/comments?post=6260"}],"version-history":[{"count":0,"href":"https:\/\/ageworth.com\/es\/wp-json\/wp\/v2\/pages\/6260\/revisions"}],"wp:attachment":[{"href":"https:\/\/ageworth.com\/es\/wp-json\/wp\/v2\/media?parent=6260"}],"wp:term":[{"taxonomy":"categorieen","embeddable":true,"href":"https:\/\/ageworth.com\/es\/wp-json\/wp\/v2\/categorieen?post=6260"}],"curies":[{"name":"wp","href":"https:\/\/api.w.org\/{rel}","templated":true}]}}