{"id":6236,"date":"2022-11-15T10:40:47","date_gmt":"2022-11-15T10:40:47","guid":{"rendered":"https:\/\/ageworth.com\/migrana\/"},"modified":"2025-09-12T07:26:58","modified_gmt":"2025-09-12T07:26:58","slug":"migrana","status":"publish","type":"page","link":"https:\/\/ageworth.com\/es\/inyectables\/migrana\/","title":{"rendered":"Migra\u00f1a"},"content":{"rendered":"","protected":false},"excerpt":{"rendered":"","protected":false},"author":1,"featured_media":5112,"parent":6405,"menu_order":2,"comment_status":"closed","ping_status":"closed","template":"","meta":{"footnotes":""},"categorieen":[30,32,33],"class_list":["post-6236","page","type-page","status-publish","has-post-thumbnail","hentry","categorieen-behandelingen","categorieen-gezicht","categorieen-voorhoofd-zone"],"yoast_head":"<!-- This site is optimized with the Yoast SEO Premium plugin v26.0 (Yoast SEO v27.3) - https:\/\/yoast.com\/product\/yoast-seo-premium-wordpress\/ -->\n<title>Tratamiento eficaz con relajantes musculares para las migra\u00f1as<\/title>\n<meta name=\"description\" content=\"Reduce las crisis de migra\u00f1a con relajantes musculares en Ageworth. Atenci\u00f3n personalizada y soluciones eficaces para reducir las migra\u00f1as.\" \/>\n<meta name=\"robots\" content=\"index, follow, max-snippet:-1, max-image-preview:large, max-video-preview:-1\" \/>\n<link rel=\"canonical\" href=\"https:\/\/ageworth.com\/es\/inyectables\/migrana\/\" \/>\n<meta property=\"og:locale\" content=\"es_ES\" \/>\n<meta property=\"og:type\" content=\"article\" \/>\n<meta property=\"og:title\" content=\"Migra\u00f1a\" \/>\n<meta property=\"og:description\" content=\"Reduce las crisis de migra\u00f1a con relajantes musculares en Ageworth. Atenci\u00f3n personalizada y soluciones eficaces para reducir las migra\u00f1as.\" \/>\n<meta property=\"og:url\" content=\"https:\/\/ageworth.com\/es\/inyectables\/migrana\/\" \/>\n<meta property=\"og:site_name\" content=\"AgeWorth\" \/>\n<meta property=\"article:publisher\" content=\"https:\/\/m.facebook.com\/ageworth\" \/>\n<meta property=\"article:modified_time\" content=\"2025-09-12T07:26:58+00:00\" \/>\n<meta property=\"og:image\" content=\"https:\/\/ageworth.com\/wp-content\/uploads\/2022\/11\/Migraine.png\" \/>\n\t<meta property=\"og:image:width\" content=\"556\" \/>\n\t<meta property=\"og:image:height\" content=\"556\" \/>\n\t<meta property=\"og:image:type\" content=\"image\/png\" \/>\n<meta name=\"twitter:card\" content=\"summary_large_image\" \/>\n<script type=\"application\/ld+json\" class=\"yoast-schema-graph\">{\"@context\":\"https:\\\/\\\/schema.org\",\"@graph\":[{\"@type\":\"WebPage\",\"@id\":\"https:\\\/\\\/ageworth.com\\\/es\\\/inyectables\\\/migrana\\\/\",\"url\":\"https:\\\/\\\/ageworth.com\\\/es\\\/inyectables\\\/migrana\\\/\",\"name\":\"Tratamiento eficaz con relajantes musculares para las migra\u00f1as\",\"isPartOf\":{\"@id\":\"https:\\\/\\\/ageworth.com\\\/es\\\/#website\"},\"primaryImageOfPage\":{\"@id\":\"https:\\\/\\\/ageworth.com\\\/es\\\/inyectables\\\/migrana\\\/#primaryimage\"},\"image\":{\"@id\":\"https:\\\/\\\/ageworth.com\\\/es\\\/inyectables\\\/migrana\\\/#primaryimage\"},\"thumbnailUrl\":\"https:\\\/\\\/ageworth.com\\\/wp-content\\\/uploads\\\/2022\\\/11\\\/Migraine.png\",\"datePublished\":\"2022-11-15T10:40:47+00:00\",\"dateModified\":\"2025-09-12T07:26:58+00:00\",\"description\":\"Reduce las crisis de migra\u00f1a con relajantes musculares en Ageworth. Atenci\u00f3n personalizada y soluciones eficaces para reducir las migra\u00f1as.\",\"breadcrumb\":{\"@id\":\"https:\\\/\\\/ageworth.com\\\/es\\\/inyectables\\\/migrana\\\/#breadcrumb\"},\"inLanguage\":\"es\",\"potentialAction\":[{\"@type\":\"ReadAction\",\"target\":[\"https:\\\/\\\/ageworth.com\\\/es\\\/inyectables\\\/migrana\\\/\"]}]},{\"@type\":\"ImageObject\",\"inLanguage\":\"es\",\"@id\":\"https:\\\/\\\/ageworth.com\\\/es\\\/inyectables\\\/migrana\\\/#primaryimage\",\"url\":\"https:\\\/\\\/ageworth.com\\\/wp-content\\\/uploads\\\/2022\\\/11\\\/Migraine.png\",\"contentUrl\":\"https:\\\/\\\/ageworth.com\\\/wp-content\\\/uploads\\\/2022\\\/11\\\/Migraine.png\",\"width\":556,\"height\":556,\"caption\":\"migraine\"},{\"@type\":\"BreadcrumbList\",\"@id\":\"https:\\\/\\\/ageworth.com\\\/es\\\/inyectables\\\/migrana\\\/#breadcrumb\",\"itemListElement\":[{\"@type\":\"ListItem\",\"position\":1,\"name\":\"Home\",\"item\":\"https:\\\/\\\/ageworth.com\\\/es\\\/\"},{\"@type\":\"ListItem\",\"position\":2,\"name\":\"Cirug\u00eda\",\"item\":\"https:\\\/\\\/ageworth.com\\\/es\\\/inyectables\\\/\"},{\"@type\":\"ListItem\",\"position\":3,\"name\":\"Migra\u00f1a\"}]},{\"@type\":\"WebSite\",\"@id\":\"https:\\\/\\\/ageworth.com\\\/es\\\/#website\",\"url\":\"https:\\\/\\\/ageworth.com\\\/es\\\/\",\"name\":\"Ageworth\",\"description\":\"A significant you\",\"publisher\":{\"@id\":\"https:\\\/\\\/ageworth.com\\\/es\\\/#organization\"},\"potentialAction\":[{\"@type\":\"SearchAction\",\"target\":{\"@type\":\"EntryPoint\",\"urlTemplate\":\"https:\\\/\\\/ageworth.com\\\/es\\\/?s={search_term_string}\"},\"query-input\":{\"@type\":\"PropertyValueSpecification\",\"valueRequired\":true,\"valueName\":\"search_term_string\"}}],\"inLanguage\":\"es\"},{\"@type\":\"Organization\",\"@id\":\"https:\\\/\\\/ageworth.com\\\/es\\\/#organization\",\"name\":\"Ageworth\",\"url\":\"https:\\\/\\\/ageworth.com\\\/es\\\/\",\"logo\":{\"@type\":\"ImageObject\",\"inLanguage\":\"es\",\"@id\":\"https:\\\/\\\/ageworth.com\\\/es\\\/#\\\/schema\\\/logo\\\/image\\\/\",\"url\":\"https:\\\/\\\/ageworth.com\\\/wp-content\\\/uploads\\\/2024\\\/03\\\/cropped-Ageworth-logo-1.png\",\"contentUrl\":\"https:\\\/\\\/ageworth.com\\\/wp-content\\\/uploads\\\/2024\\\/03\\\/cropped-Ageworth-logo-1.png\",\"width\":512,\"height\":512,\"caption\":\"Ageworth\"},\"image\":{\"@id\":\"https:\\\/\\\/ageworth.com\\\/es\\\/#\\\/schema\\\/logo\\\/image\\\/\"},\"sameAs\":[\"https:\\\/\\\/m.facebook.com\\\/ageworth\",\"https:\\\/\\\/www.instagram.com\\\/ageworth\\\/\"]}]}<\/script>\n<!-- \/ Yoast SEO Premium plugin. -->","yoast_head_json":{"title":"Tratamiento eficaz con relajantes musculares para las migra\u00f1as","description":"Reduce las crisis de migra\u00f1a con relajantes musculares en Ageworth. Atenci\u00f3n personalizada y soluciones eficaces para reducir las migra\u00f1as.","robots":{"index":"index","follow":"follow","max-snippet":"max-snippet:-1","max-image-preview":"max-image-preview:large","max-video-preview":"max-video-preview:-1"},"canonical":"https:\/\/ageworth.com\/es\/inyectables\/migrana\/","og_locale":"es_ES","og_type":"article","og_title":"Migra\u00f1a","og_description":"Reduce las crisis de migra\u00f1a con relajantes musculares en Ageworth. Atenci\u00f3n personalizada y soluciones eficaces para reducir las migra\u00f1as.","og_url":"https:\/\/ageworth.com\/es\/inyectables\/migrana\/","og_site_name":"AgeWorth","article_publisher":"https:\/\/m.facebook.com\/ageworth","article_modified_time":"2025-09-12T07:26:58+00:00","og_image":[{"width":556,"height":556,"url":"https:\/\/ageworth.com\/wp-content\/uploads\/2022\/11\/Migraine.png","type":"image\/png"}],"twitter_card":"summary_large_image","schema":{"@context":"https:\/\/schema.org","@graph":[{"@type":"WebPage","@id":"https:\/\/ageworth.com\/es\/inyectables\/migrana\/","url":"https:\/\/ageworth.com\/es\/inyectables\/migrana\/","name":"Tratamiento eficaz con relajantes musculares para las migra\u00f1as","isPartOf":{"@id":"https:\/\/ageworth.com\/es\/#website"},"primaryImageOfPage":{"@id":"https:\/\/ageworth.com\/es\/inyectables\/migrana\/#primaryimage"},"image":{"@id":"https:\/\/ageworth.com\/es\/inyectables\/migrana\/#primaryimage"},"thumbnailUrl":"https:\/\/ageworth.com\/wp-content\/uploads\/2022\/11\/Migraine.png","datePublished":"2022-11-15T10:40:47+00:00","dateModified":"2025-09-12T07:26:58+00:00","description":"Reduce las crisis de migra\u00f1a con relajantes musculares en Ageworth. Atenci\u00f3n personalizada y soluciones eficaces para reducir las migra\u00f1as.","breadcrumb":{"@id":"https:\/\/ageworth.com\/es\/inyectables\/migrana\/#breadcrumb"},"inLanguage":"es","potentialAction":[{"@type":"ReadAction","target":["https:\/\/ageworth.com\/es\/inyectables\/migrana\/"]}]},{"@type":"ImageObject","inLanguage":"es","@id":"https:\/\/ageworth.com\/es\/inyectables\/migrana\/#primaryimage","url":"https:\/\/ageworth.com\/wp-content\/uploads\/2022\/11\/Migraine.png","contentUrl":"https:\/\/ageworth.com\/wp-content\/uploads\/2022\/11\/Migraine.png","width":556,"height":556,"caption":"migraine"},{"@type":"BreadcrumbList","@id":"https:\/\/ageworth.com\/es\/inyectables\/migrana\/#breadcrumb","itemListElement":[{"@type":"ListItem","position":1,"name":"Home","item":"https:\/\/ageworth.com\/es\/"},{"@type":"ListItem","position":2,"name":"Cirug\u00eda","item":"https:\/\/ageworth.com\/es\/inyectables\/"},{"@type":"ListItem","position":3,"name":"Migra\u00f1a"}]},{"@type":"WebSite","@id":"https:\/\/ageworth.com\/es\/#website","url":"https:\/\/ageworth.com\/es\/","name":"Ageworth","description":"A significant you","publisher":{"@id":"https:\/\/ageworth.com\/es\/#organization"},"potentialAction":[{"@type":"SearchAction","target":{"@type":"EntryPoint","urlTemplate":"https:\/\/ageworth.com\/es\/?s={search_term_string}"},"query-input":{"@type":"PropertyValueSpecification","valueRequired":true,"valueName":"search_term_string"}}],"inLanguage":"es"},{"@type":"Organization","@id":"https:\/\/ageworth.com\/es\/#organization","name":"Ageworth","url":"https:\/\/ageworth.com\/es\/","logo":{"@type":"ImageObject","inLanguage":"es","@id":"https:\/\/ageworth.com\/es\/#\/schema\/logo\/image\/","url":"https:\/\/ageworth.com\/wp-content\/uploads\/2024\/03\/cropped-Ageworth-logo-1.png","contentUrl":"https:\/\/ageworth.com\/wp-content\/uploads\/2024\/03\/cropped-Ageworth-logo-1.png","width":512,"height":512,"caption":"Ageworth"},"image":{"@id":"https:\/\/ageworth.com\/es\/#\/schema\/logo\/image\/"},"sameAs":["https:\/\/m.facebook.com\/ageworth","https:\/\/www.instagram.com\/ageworth\/"]}]}},"_links":{"self":[{"href":"https:\/\/ageworth.com\/es\/wp-json\/wp\/v2\/pages\/6236","targetHints":{"allow":["GET"]}}],"collection":[{"href":"https:\/\/ageworth.com\/es\/wp-json\/wp\/v2\/pages"}],"about":[{"href":"https:\/\/ageworth.com\/es\/wp-json\/wp\/v2\/types\/page"}],"author":[{"embeddable":true,"href":"https:\/\/ageworth.com\/es\/wp-json\/wp\/v2\/users\/1"}],"replies":[{"embeddable":true,"href":"https:\/\/ageworth.com\/es\/wp-json\/wp\/v2\/comments?post=6236"}],"version-history":[{"count":0,"href":"https:\/\/ageworth.com\/es\/wp-json\/wp\/v2\/pages\/6236\/revisions"}],"up":[{"embeddable":true,"href":"https:\/\/ageworth.com\/es\/wp-json\/wp\/v2\/pages\/6405"}],"wp:featuredmedia":[{"embeddable":true,"href":"https:\/\/ageworth.com\/es\/wp-json\/wp\/v2\/media\/5112"}],"wp:attachment":[{"href":"https:\/\/ageworth.com\/es\/wp-json\/wp\/v2\/media?parent=6236"}],"wp:term":[{"taxonomy":"categorieen","embeddable":true,"href":"https:\/\/ageworth.com\/es\/wp-json\/wp\/v2\/categorieen?post=6236"}],"curies":[{"name":"wp","href":"https:\/\/api.w.org\/{rel}","templated":true}]}}