{"id":14150,"date":"2025-08-23T11:47:04","date_gmt":"2025-08-23T11:47:04","guid":{"rendered":"https:\/\/ageworth.com\/lifting-macs\/"},"modified":"2025-09-12T07:28:43","modified_gmt":"2025-09-12T07:28:43","slug":"lifting-macs","status":"publish","type":"page","link":"https:\/\/ageworth.com\/es\/lifting-macs\/","title":{"rendered":"Lifting Macs"},"content":{"rendered":"\t\t<div data-elementor-type=\"wp-page\" data-elementor-id=\"14150\" class=\"elementor elementor-14150\" data-elementor-post-type=\"page\">\n\t\t\t\t\t\t<section class=\"elementor-section elementor-top-section elementor-element elementor-element-a408580 elementor-section-boxed elementor-section-height-default elementor-section-height-default\" data-id=\"a408580\" data-element_type=\"section\" data-e-type=\"section\" data-settings=\"{&quot;jet_parallax_layout_list&quot;:[]}\">\n\t\t\t\t\t\t<div class=\"elementor-container elementor-column-gap-no\">\n\t\t\t\t\t<div class=\"elementor-column elementor-col-100 elementor-top-column elementor-element elementor-element-0bc9782\" data-id=\"0bc9782\" data-element_type=\"column\" data-e-type=\"column\">\n\t\t\t<div class=\"elementor-widget-wrap elementor-element-populated\">\n\t\t\t\t\t\t<section class=\"elementor-section elementor-inner-section elementor-element elementor-element-dcec30e elementor-section-height-min-height elementor-section-boxed elementor-section-height-default\" data-id=\"dcec30e\" data-element_type=\"section\" data-e-type=\"section\" data-settings=\"{&quot;jet_parallax_layout_list&quot;:[]}\">\n\t\t\t\t\t\t<div class=\"elementor-container elementor-column-gap-no\">\n\t\t\t\t\t<div class=\"elementor-column elementor-col-50 elementor-inner-column elementor-element elementor-element-2b6803f\" data-id=\"2b6803f\" data-element_type=\"column\" data-e-type=\"column\" data-settings=\"{&quot;background_background&quot;:&quot;classic&quot;}\">\n\t\t\t<div class=\"elementor-widget-wrap elementor-element-populated\">\n\t\t\t\t\t\t<div class=\"elementor-element elementor-element-ba761a9 elementor-widget elementor-widget-heading\" data-id=\"ba761a9\" data-element_type=\"widget\" data-e-type=\"widget\" data-widget_type=\"heading.default\">\n\t\t\t\t<div class=\"elementor-widget-container\">\n\t\t\t\t\t<h1 class=\"elementor-heading-title elementor-size-default\">Lifting Macs<\/h1>\t\t\t\t<\/div>\n\t\t\t\t<\/div>\n\t\t\t\t\t<\/div>\n\t\t<\/div>\n\t\t\t\t<div class=\"elementor-column elementor-col-50 elementor-inner-column elementor-element elementor-element-eb38d0f\" data-id=\"eb38d0f\" data-element_type=\"column\" data-e-type=\"column\" data-settings=\"{&quot;background_background&quot;:&quot;classic&quot;}\">\n\t\t\t<div class=\"elementor-widget-wrap elementor-element-populated\">\n\t\t\t\t\t\t<div class=\"elementor-element elementor-element-d872571 elementor-widget elementor-widget-spacer\" data-id=\"d872571\" data-element_type=\"widget\" data-e-type=\"widget\" data-widget_type=\"spacer.default\">\n\t\t\t\t<div class=\"elementor-widget-container\">\n\t\t\t\t\t\t\t<div class=\"elementor-spacer\">\n\t\t\t<div class=\"elementor-spacer-inner\"><\/div>\n\t\t<\/div>\n\t\t\t\t\t\t<\/div>\n\t\t\t\t<\/div>\n\t\t\t\t\t<\/div>\n\t\t<\/div>\n\t\t\t\t\t<\/div>\n\t\t<\/section>\n\t\t\t\t\t<\/div>\n\t\t<\/div>\n\t\t\t\t\t<\/div>\n\t\t<\/section>\n\t\t\t\t<section class=\"elementor-section elementor-top-section elementor-element elementor-element-aadf29f elementor-reverse-tablet elementor-section-boxed elementor-section-height-default elementor-section-height-default\" data-id=\"aadf29f\" data-element_type=\"section\" data-e-type=\"section\" data-settings=\"{&quot;jet_parallax_layout_list&quot;:[]}\">\n\t\t\t\t\t\t<div class=\"elementor-container elementor-column-gap-custom\">\n\t\t\t\t\t<div class=\"elementor-column elementor-col-50 elementor-top-column elementor-element elementor-element-ad948a0\" data-id=\"ad948a0\" data-element_type=\"column\" data-e-type=\"column\">\n\t\t\t<div class=\"elementor-widget-wrap elementor-element-populated\">\n\t\t\t\t\t\t<div class=\"elementor-element elementor-element-22d74a4 elementor-widget elementor-widget-heading\" data-id=\"22d74a4\" data-element_type=\"widget\" data-e-type=\"widget\" data-widget_type=\"heading.default\">\n\t\t\t\t<div class=\"elementor-widget-container\">\n\t\t\t\t\t<h2 class=\"elementor-heading-title elementor-size-default\">Resumiendo:<\/h2>\t\t\t\t<\/div>\n\t\t\t\t<\/div>\n\t\t\t\t<div class=\"elementor-element elementor-element-fe11e8e elementor-widget elementor-widget-text-editor\" data-id=\"fe11e8e\" data-element_type=\"widget\" data-e-type=\"widget\" data-widget_type=\"text-editor.default\">\n\t\t\t\t<div class=\"elementor-widget-container\">\n\t\t\t\t\t\t\t\t\t<p>Rejuvenecimiento facial duradero con cicatrices m\u00ednimas<\/p><p><span style=\"font-weight: 400;\">El<\/span> lifting MACS <span style=\"font-weight: 400;\">(Minimal Access Cranial Suspension) es una t\u00e9cnica moderna y avanzada que<\/span> eleva de forma natural y duradera<span style=\"font-weight: 400;\">. el rostro medio e inferior. Utilizando suturas de suspensi\u00f3n vertical y una incisi\u00f3n peque\u00f1a delante de la oreja, se <\/span>se restauran los contornos faciales sin cambiar tu expresi\u00f3n ni dejar cicatrices visibles<span style=\"font-weight: 400;\">.<\/span><\/p><p><span style=\"font-weight: 400;\">En <\/span>Ageworth Clinics, <span style=\"font-weight: 400;\">el lifting MACS se realiza con anestesia local <\/span>por un cirujano pl\u00e1stico con <span style=\"font-weight: 400;\">m\u00e1s de<\/span> 25 a\u00f1os de experiencia.<span style=\"font-weight: 400;\">. El procedimiento dura aproximadamente <\/span>120 minutos <span style=\"font-weight: 400;\">y es ideal para quienes buscan un rejuvenecimiento estructural sin recurrir a un lifting facial completo tradicional.<\/span><\/p>\t\t\t\t\t\t\t\t<\/div>\n\t\t\t\t<\/div>\n\t\t\t\t<div class=\"elementor-element elementor-element-1c39498 e-transform elementor-widget elementor-widget-global elementor-global-6392 elementor-global-2922 elementor-widget-html\" data-id=\"1c39498\" data-element_type=\"widget\" data-e-type=\"widget\" id=\"headerctaknop\" data-settings=\"{&quot;_transform_scale_effect_hover&quot;:{&quot;unit&quot;:&quot;px&quot;,&quot;size&quot;:1.05,&quot;sizes&quot;:[]},&quot;_transform_scale_effect_hover_tablet&quot;:{&quot;unit&quot;:&quot;px&quot;,&quot;size&quot;:&quot;&quot;,&quot;sizes&quot;:[]},&quot;_transform_scale_effect_hover_mobile&quot;:{&quot;unit&quot;:&quot;px&quot;,&quot;size&quot;:&quot;&quot;,&quot;sizes&quot;:[]}}\" data-widget_type=\"html.default\">\n\t\t\t\t<div class=\"elementor-widget-container\">\n\t\t\t\t\t<!-- Clinicminds Scheduler begin -->\n<a href=\"https:\/\/schedule.clinicminds.com\/?clinic=d6da2393-7215-11f0-953e-0667c42d6c5b\" class=\"clinicminds-scheduler-button\" data-button-style=\"none\">concertar cita<\/a>\n<script src=\"https:\/\/schedule.clinicminds.com\/assets\/widget\/widget.js\" type=\"text\/javascript\"><\/script>\n<!-- Clinicminds Scheduler end -->\t\t\t\t<\/div>\n\t\t\t\t<\/div>\n\t\t\t\t<div class=\"elementor-element elementor-element-7cbecf3 elementor-widget elementor-widget-text-editor\" data-id=\"7cbecf3\" data-element_type=\"widget\" data-e-type=\"widget\" data-widget_type=\"text-editor.default\">\n\t\t\t\t<div class=\"elementor-widget-container\">\n\t\t\t\t\t\t\t\t\t<h6><b>El proceso<\/b><\/h6><p><span style=\"font-weight: 400;\">Cada tratamiento comienza con una consulta personal. Evaluamos la piel, el volumen facial y el grado de flacidez de las mejillas, la mand\u00edbula y el cuello. Bas\u00e1ndonos en tu anatom\u00eda y tus deseos, creamos un plan de tratamiento personalizado. Si lo deseas, el lifting MACS puede combinarse con tratamientos complementarios, como cirug\u00eda de p\u00e1rpados o potenciadores de la piel. Una vez aprobado el plan, a menudo se puede programar directamente tu intervenci\u00f3n.    <\/span><\/p><h6><b>El tratamiento<\/b><\/h6><p><span style=\"font-weight: 400;\">Tras la limpieza y aplicaci\u00f3n de anestesia local, se realiza una peque\u00f1a incisi\u00f3n delante de la oreja, que a veces se extiende ligeramente hacia la l\u00ednea del cabello. A trav\u00e9s de esta incisi\u00f3n, se accede a los tejidos profundos (capa SMAS) que se elevan verticalmente mediante suturas internas. Esto permite recuperar la forma natural de las mejillas, la l\u00ednea mandibular y el tercio inferior del rostro, sin estirar excesivamente la piel. Las incisiones se cierran con puntos finos y se coloca un vendaje ligero.   <\/span><\/p><h6><b>Cuidados posteriores<\/b><\/h6><p><span style=\"font-weight: 400;\">Puede haber hinchaz\u00f3n o hematomas leves durante los primeros 7\u201314 d\u00edas. Recibir\u00e1s instrucciones detalladas de cuidados y tendr\u00e1s una cita de control en la cl\u00ednica. Evita actividades intensas durante al menos 2 semanas y duerme boca arriba con la cabeza elevada. El resultado final es visible entre las 6 y 8 semanas posteriores al tratamiento.   <\/span><\/p><h6><b>\u00bfCu\u00e1nto dura el resultado?<\/b><\/h6><p><span style=\"font-weight: 400;\">El resultado de un lifting MACS suele durar<\/span> entre 8 y 12 a\u00f1os,<span style=\"font-weight: 400;\">dependiendo de factores individuales como la edad, la elasticidad de la piel y el estilo de vida. Es una de las t\u00e9cnicas de lifting  <\/span>m\u00e1s fiables y naturales en la cirug\u00eda <span style=\"font-weight: 400;\">est\u00e9tica actual.<\/span><\/p>\t\t\t\t\t\t\t\t<\/div>\n\t\t\t\t<\/div>\n\t\t\t\t\t<\/div>\n\t\t<\/div>\n\t\t\t\t<div class=\"elementor-column elementor-col-50 elementor-top-column elementor-element elementor-element-fb708d3\" data-id=\"fb708d3\" data-element_type=\"column\" data-e-type=\"column\">\n\t\t\t<div class=\"elementor-widget-wrap elementor-element-populated\">\n\t\t\t\t\t\t<div class=\"elementor-element elementor-element-9383c02 elementor-hidden-mobile elementor-widget elementor-widget-heading\" data-id=\"9383c02\" data-element_type=\"widget\" data-e-type=\"widget\" data-widget_type=\"heading.default\">\n\t\t\t\t<div class=\"elementor-widget-container\">\n\t\t\t\t\t<h2 class=\"elementor-heading-title elementor-size-default\">Precio:<\/h2>\t\t\t\t<\/div>\n\t\t\t\t<\/div>\n\t\t\t\t<section class=\"elementor-section elementor-inner-section elementor-element elementor-element-987cebe elementor-section-boxed elementor-section-height-default elementor-section-height-default\" data-id=\"987cebe\" data-element_type=\"section\" data-e-type=\"section\" data-settings=\"{&quot;jet_parallax_layout_list&quot;:[]}\">\n\t\t\t\t\t\t<div class=\"elementor-container elementor-column-gap-no\">\n\t\t\t\t\t<div class=\"elementor-column elementor-col-50 elementor-inner-column elementor-element elementor-element-1023e43\" data-id=\"1023e43\" data-element_type=\"column\" data-e-type=\"column\">\n\t\t\t<div class=\"elementor-widget-wrap elementor-element-populated\">\n\t\t\t\t\t\t<div class=\"elementor-element elementor-element-d69610b elementor-icon-list--layout-traditional elementor-list-item-link-full_width elementor-widget elementor-widget-icon-list\" data-id=\"d69610b\" data-element_type=\"widget\" data-e-type=\"widget\" data-widget_type=\"icon-list.default\">\n\t\t\t\t<div class=\"elementor-widget-container\">\n\t\t\t\t\t\t\t<ul class=\"elementor-icon-list-items\">\n\t\t\t\t\t\t\t<li class=\"elementor-icon-list-item\">\n\t\t\t\t\t\t\t\t\t\t\t<span class=\"elementor-icon-list-icon\">\n\t\t\t\t\t\t\t<i aria-hidden=\"true\" class=\"fas fa-circle\"><\/i>\t\t\t\t\t\t<\/span>\n\t\t\t\t\t\t\t\t\t\t<span class=\"elementor-icon-list-text\">MACS FACELIFT<\/span>\n\t\t\t\t\t\t\t\t\t<\/li>\n\t\t\t\t\t\t<\/ul>\n\t\t\t\t\t\t<\/div>\n\t\t\t\t<\/div>\n\t\t\t\t\t<\/div>\n\t\t<\/div>\n\t\t\t\t<div class=\"elementor-column elementor-col-50 elementor-inner-column elementor-element elementor-element-24f2bdc\" data-id=\"24f2bdc\" data-element_type=\"column\" data-e-type=\"column\">\n\t\t\t<div class=\"elementor-widget-wrap elementor-element-populated\">\n\t\t\t\t\t\t<div class=\"elementor-element elementor-element-f6eda20 elementor-widget elementor-widget-heading\" data-id=\"f6eda20\" data-element_type=\"widget\" data-e-type=\"widget\" data-widget_type=\"heading.default\">\n\t\t\t\t<div class=\"elementor-widget-container\">\n\t\t\t\t\t<div class=\"elementor-heading-title elementor-size-default\">\u20ac 4500<\/div>\t\t\t\t<\/div>\n\t\t\t\t<\/div>\n\t\t\t\t\t<\/div>\n\t\t<\/div>\n\t\t\t\t\t<\/div>\n\t\t<\/section>\n\t\t\t\t<div class=\"elementor-element elementor-element-4b9c213 elementor-widget elementor-widget-spacer\" data-id=\"4b9c213\" data-element_type=\"widget\" data-e-type=\"widget\" data-widget_type=\"spacer.default\">\n\t\t\t\t<div class=\"elementor-widget-container\">\n\t\t\t\t\t\t\t<div class=\"elementor-spacer\">\n\t\t\t<div class=\"elementor-spacer-inner\"><\/div>\n\t\t<\/div>\n\t\t\t\t\t\t<\/div>\n\t\t\t\t<\/div>\n\t\t\t\t<div class=\"elementor-element elementor-element-a61e5c3 elementor-widget-tablet__width-initial e-transform e-transform elementor-widget elementor-widget-global elementor-global-15083 elementor-global-9209 elementor-widget-jet-button\" data-id=\"a61e5c3\" data-element_type=\"widget\" data-e-type=\"widget\" data-settings=\"{&quot;_transform_scale_effect_hover&quot;:{&quot;unit&quot;:&quot;px&quot;,&quot;size&quot;:1.04,&quot;sizes&quot;:[]},&quot;_transform_scale_effect&quot;:{&quot;unit&quot;:&quot;px&quot;,&quot;size&quot;:&quot;&quot;,&quot;sizes&quot;:[]},&quot;_transform_scale_effect_tablet&quot;:{&quot;unit&quot;:&quot;px&quot;,&quot;size&quot;:&quot;&quot;,&quot;sizes&quot;:[]},&quot;_transform_scale_effect_mobile&quot;:{&quot;unit&quot;:&quot;px&quot;,&quot;size&quot;:&quot;&quot;,&quot;sizes&quot;:[]},&quot;_transform_scale_effect_hover_tablet&quot;:{&quot;unit&quot;:&quot;px&quot;,&quot;size&quot;:&quot;&quot;,&quot;sizes&quot;:[]},&quot;_transform_scale_effect_hover_mobile&quot;:{&quot;unit&quot;:&quot;px&quot;,&quot;size&quot;:&quot;&quot;,&quot;sizes&quot;:[]}}\" data-widget_type=\"jet-button.default\">\n\t\t\t\t<div class=\"elementor-widget-container\">\n\t\t\t\t\t<div class=\"elementor-jet-button jet-elements\"><div class=\"jet-button__container\">\n\t<a class=\"jet-button__instance jet-button__instance--icon-left hover-effect-0\" href=\"https:\/\/ageworth.com\/es\/tarifas\/\">\n\t\t<div class=\"jet-button__plane jet-button__plane-normal\"><\/div>\n\t\t<div class=\"jet-button__plane jet-button__plane-hover\"><\/div>\n\t\t<div class=\"jet-button__state jet-button__state-normal\">\n\t\t\t<span class=\"jet-button__label\">TARIFAS<\/span>\t\t<\/div>\n\t\t<div class=\"jet-button__state jet-button__state-hover\">\n\t\t\t<span class=\"jet-button__label\">TARIFAS<\/span>\t\t<\/div>\n\t<\/a>\n<\/div>\n<\/div>\t\t\t\t<\/div>\n\t\t\t\t<\/div>\n\t\t<div class=\"elementor-element elementor-element-4617ed5 e-flex e-con-boxed e-con e-parent\" data-id=\"4617ed5\" data-element_type=\"container\" data-e-type=\"container\" data-settings=\"{&quot;jet_parallax_layout_list&quot;:[]}\">\n\t\t\t\t\t<div class=\"e-con-inner\">\n\t\t\t\t<div class=\"elementor-element elementor-element-935b06e e-transform elementor-widget elementor-widget-global elementor-global-6392 elementor-global-2922 elementor-widget-html\" data-id=\"935b06e\" data-element_type=\"widget\" data-e-type=\"widget\" id=\"headerctaknop\" data-settings=\"{&quot;_transform_scale_effect_hover&quot;:{&quot;unit&quot;:&quot;px&quot;,&quot;size&quot;:1.05,&quot;sizes&quot;:[]},&quot;_transform_scale_effect_hover_tablet&quot;:{&quot;unit&quot;:&quot;px&quot;,&quot;size&quot;:&quot;&quot;,&quot;sizes&quot;:[]},&quot;_transform_scale_effect_hover_mobile&quot;:{&quot;unit&quot;:&quot;px&quot;,&quot;size&quot;:&quot;&quot;,&quot;sizes&quot;:[]}}\" data-widget_type=\"html.default\">\n\t\t\t\t<div class=\"elementor-widget-container\">\n\t\t\t\t\t<!-- Clinicminds Scheduler begin -->\n<a href=\"https:\/\/schedule.clinicminds.com\/?clinic=d6da2393-7215-11f0-953e-0667c42d6c5b\" class=\"clinicminds-scheduler-button\" data-button-style=\"none\">concertar cita<\/a>\n<script src=\"https:\/\/schedule.clinicminds.com\/assets\/widget\/widget.js\" type=\"text\/javascript\"><\/script>\n<!-- Clinicminds Scheduler end -->\t\t\t\t<\/div>\n\t\t\t\t<\/div>\n\t\t\t\t\t<\/div>\n\t\t\t\t<\/div>\n\t\t\t\t\t<\/div>\n\t\t<\/div>\n\t\t\t\t\t<\/div>\n\t\t<\/section>\n\t\t\t\t<\/div>\n\t\t","protected":false},"excerpt":{"rendered":"<p>Resumiendo: Rejuvenecimiento facial duradero con cicatrices m\u00ednimas El lifting MACS (Minimal Access Cranial Suspension) es una t\u00e9cnica moderna y avanzada que eleva de forma natural y duradera. el rostro medio e inferior. Utilizando suturas de suspensi\u00f3n vertical y una incisi\u00f3n peque\u00f1a delante de la oreja, se se restauran los contornos faciales sin cambiar tu expresi\u00f3n [&hellip;]<\/p>\n","protected":false},"author":1,"featured_media":0,"parent":0,"menu_order":0,"comment_status":"closed","ping_status":"closed","template":"","meta":{"footnotes":""},"categorieen":[],"class_list":["post-14150","page","type-page","status-publish","hentry"],"yoast_head":"<!-- This site is optimized with the Yoast SEO Premium plugin v26.0 (Yoast SEO v27.3) - https:\/\/yoast.com\/product\/yoast-seo-premium-wordpress\/ -->\n<title>Lifting Macs - AgeWorth<\/title>\n<meta name=\"robots\" content=\"index, follow, max-snippet:-1, max-image-preview:large, max-video-preview:-1\" \/>\n<link rel=\"canonical\" href=\"https:\/\/ageworth.com\/es\/lifting-macs\/\" \/>\n<meta property=\"og:locale\" content=\"es_ES\" \/>\n<meta property=\"og:type\" content=\"article\" \/>\n<meta property=\"og:title\" content=\"Lifting Macs\" \/>\n<meta property=\"og:description\" content=\"Resumiendo: Rejuvenecimiento facial duradero con cicatrices m\u00ednimas El lifting MACS (Minimal Access Cranial Suspension) es una t\u00e9cnica moderna y avanzada que eleva de forma natural y duradera. el rostro medio e inferior. Utilizando suturas de suspensi\u00f3n vertical y una incisi\u00f3n peque\u00f1a delante de la oreja, se se restauran los contornos faciales sin cambiar tu expresi\u00f3n [&hellip;]\" \/>\n<meta property=\"og:url\" content=\"https:\/\/ageworth.com\/es\/lifting-macs\/\" \/>\n<meta property=\"og:site_name\" content=\"AgeWorth\" \/>\n<meta property=\"article:publisher\" content=\"https:\/\/m.facebook.com\/ageworth\" \/>\n<meta property=\"article:modified_time\" content=\"2025-09-12T07:28:43+00:00\" \/>\n<meta property=\"og:image\" content=\"https:\/\/ageworth.com\/wp-content\/uploads\/2024\/04\/image00022-1024x683.jpeg\" \/>\n\t<meta property=\"og:image:width\" content=\"1024\" \/>\n\t<meta property=\"og:image:height\" content=\"683\" \/>\n\t<meta property=\"og:image:type\" content=\"image\/jpeg\" \/>\n<meta name=\"twitter:card\" content=\"summary_large_image\" \/>\n<meta name=\"twitter:label1\" content=\"Tiempo de lectura\" \/>\n\t<meta name=\"twitter:data1\" content=\"2 minutos\" \/>\n<script type=\"application\/ld+json\" class=\"yoast-schema-graph\">{\"@context\":\"https:\\\/\\\/schema.org\",\"@graph\":[{\"@type\":\"WebPage\",\"@id\":\"https:\\\/\\\/ageworth.com\\\/es\\\/lifting-macs\\\/\",\"url\":\"https:\\\/\\\/ageworth.com\\\/es\\\/lifting-macs\\\/\",\"name\":\"Lifting Macs - AgeWorth\",\"isPartOf\":{\"@id\":\"https:\\\/\\\/ageworth.com\\\/es\\\/#website\"},\"datePublished\":\"2025-08-23T11:47:04+00:00\",\"dateModified\":\"2025-09-12T07:28:43+00:00\",\"breadcrumb\":{\"@id\":\"https:\\\/\\\/ageworth.com\\\/es\\\/lifting-macs\\\/#breadcrumb\"},\"inLanguage\":\"es\",\"potentialAction\":[{\"@type\":\"ReadAction\",\"target\":[\"https:\\\/\\\/ageworth.com\\\/es\\\/lifting-macs\\\/\"]}]},{\"@type\":\"BreadcrumbList\",\"@id\":\"https:\\\/\\\/ageworth.com\\\/es\\\/lifting-macs\\\/#breadcrumb\",\"itemListElement\":[{\"@type\":\"ListItem\",\"position\":1,\"name\":\"Home\",\"item\":\"https:\\\/\\\/ageworth.com\\\/es\\\/\"},{\"@type\":\"ListItem\",\"position\":2,\"name\":\"Lifting Macs\"}]},{\"@type\":\"WebSite\",\"@id\":\"https:\\\/\\\/ageworth.com\\\/es\\\/#website\",\"url\":\"https:\\\/\\\/ageworth.com\\\/es\\\/\",\"name\":\"Ageworth\",\"description\":\"A significant you\",\"publisher\":{\"@id\":\"https:\\\/\\\/ageworth.com\\\/es\\\/#organization\"},\"potentialAction\":[{\"@type\":\"SearchAction\",\"target\":{\"@type\":\"EntryPoint\",\"urlTemplate\":\"https:\\\/\\\/ageworth.com\\\/es\\\/?s={search_term_string}\"},\"query-input\":{\"@type\":\"PropertyValueSpecification\",\"valueRequired\":true,\"valueName\":\"search_term_string\"}}],\"inLanguage\":\"es\"},{\"@type\":\"Organization\",\"@id\":\"https:\\\/\\\/ageworth.com\\\/es\\\/#organization\",\"name\":\"Ageworth\",\"url\":\"https:\\\/\\\/ageworth.com\\\/es\\\/\",\"logo\":{\"@type\":\"ImageObject\",\"inLanguage\":\"es\",\"@id\":\"https:\\\/\\\/ageworth.com\\\/es\\\/#\\\/schema\\\/logo\\\/image\\\/\",\"url\":\"https:\\\/\\\/ageworth.com\\\/wp-content\\\/uploads\\\/2024\\\/03\\\/cropped-Ageworth-logo-1.png\",\"contentUrl\":\"https:\\\/\\\/ageworth.com\\\/wp-content\\\/uploads\\\/2024\\\/03\\\/cropped-Ageworth-logo-1.png\",\"width\":512,\"height\":512,\"caption\":\"Ageworth\"},\"image\":{\"@id\":\"https:\\\/\\\/ageworth.com\\\/es\\\/#\\\/schema\\\/logo\\\/image\\\/\"},\"sameAs\":[\"https:\\\/\\\/m.facebook.com\\\/ageworth\",\"https:\\\/\\\/www.instagram.com\\\/ageworth\\\/\"]}]}<\/script>\n<!-- \/ Yoast SEO Premium plugin. -->","yoast_head_json":{"title":"Lifting Macs - AgeWorth","robots":{"index":"index","follow":"follow","max-snippet":"max-snippet:-1","max-image-preview":"max-image-preview:large","max-video-preview":"max-video-preview:-1"},"canonical":"https:\/\/ageworth.com\/es\/lifting-macs\/","og_locale":"es_ES","og_type":"article","og_title":"Lifting Macs","og_description":"Resumiendo: Rejuvenecimiento facial duradero con cicatrices m\u00ednimas El lifting MACS (Minimal Access Cranial Suspension) es una t\u00e9cnica moderna y avanzada que eleva de forma natural y duradera. el rostro medio e inferior. Utilizando suturas de suspensi\u00f3n vertical y una incisi\u00f3n peque\u00f1a delante de la oreja, se se restauran los contornos faciales sin cambiar tu expresi\u00f3n [&hellip;]","og_url":"https:\/\/ageworth.com\/es\/lifting-macs\/","og_site_name":"AgeWorth","article_publisher":"https:\/\/m.facebook.com\/ageworth","article_modified_time":"2025-09-12T07:28:43+00:00","og_image":[{"width":1024,"height":683,"url":"https:\/\/ageworth.com\/wp-content\/uploads\/2024\/04\/image00022-1024x683.jpeg","type":"image\/jpeg"}],"twitter_card":"summary_large_image","twitter_misc":{"Tiempo de lectura":"2 minutos"},"schema":{"@context":"https:\/\/schema.org","@graph":[{"@type":"WebPage","@id":"https:\/\/ageworth.com\/es\/lifting-macs\/","url":"https:\/\/ageworth.com\/es\/lifting-macs\/","name":"Lifting Macs - AgeWorth","isPartOf":{"@id":"https:\/\/ageworth.com\/es\/#website"},"datePublished":"2025-08-23T11:47:04+00:00","dateModified":"2025-09-12T07:28:43+00:00","breadcrumb":{"@id":"https:\/\/ageworth.com\/es\/lifting-macs\/#breadcrumb"},"inLanguage":"es","potentialAction":[{"@type":"ReadAction","target":["https:\/\/ageworth.com\/es\/lifting-macs\/"]}]},{"@type":"BreadcrumbList","@id":"https:\/\/ageworth.com\/es\/lifting-macs\/#breadcrumb","itemListElement":[{"@type":"ListItem","position":1,"name":"Home","item":"https:\/\/ageworth.com\/es\/"},{"@type":"ListItem","position":2,"name":"Lifting Macs"}]},{"@type":"WebSite","@id":"https:\/\/ageworth.com\/es\/#website","url":"https:\/\/ageworth.com\/es\/","name":"Ageworth","description":"A significant you","publisher":{"@id":"https:\/\/ageworth.com\/es\/#organization"},"potentialAction":[{"@type":"SearchAction","target":{"@type":"EntryPoint","urlTemplate":"https:\/\/ageworth.com\/es\/?s={search_term_string}"},"query-input":{"@type":"PropertyValueSpecification","valueRequired":true,"valueName":"search_term_string"}}],"inLanguage":"es"},{"@type":"Organization","@id":"https:\/\/ageworth.com\/es\/#organization","name":"Ageworth","url":"https:\/\/ageworth.com\/es\/","logo":{"@type":"ImageObject","inLanguage":"es","@id":"https:\/\/ageworth.com\/es\/#\/schema\/logo\/image\/","url":"https:\/\/ageworth.com\/wp-content\/uploads\/2024\/03\/cropped-Ageworth-logo-1.png","contentUrl":"https:\/\/ageworth.com\/wp-content\/uploads\/2024\/03\/cropped-Ageworth-logo-1.png","width":512,"height":512,"caption":"Ageworth"},"image":{"@id":"https:\/\/ageworth.com\/es\/#\/schema\/logo\/image\/"},"sameAs":["https:\/\/m.facebook.com\/ageworth","https:\/\/www.instagram.com\/ageworth\/"]}]}},"_links":{"self":[{"href":"https:\/\/ageworth.com\/es\/wp-json\/wp\/v2\/pages\/14150","targetHints":{"allow":["GET"]}}],"collection":[{"href":"https:\/\/ageworth.com\/es\/wp-json\/wp\/v2\/pages"}],"about":[{"href":"https:\/\/ageworth.com\/es\/wp-json\/wp\/v2\/types\/page"}],"author":[{"embeddable":true,"href":"https:\/\/ageworth.com\/es\/wp-json\/wp\/v2\/users\/1"}],"replies":[{"embeddable":true,"href":"https:\/\/ageworth.com\/es\/wp-json\/wp\/v2\/comments?post=14150"}],"version-history":[{"count":0,"href":"https:\/\/ageworth.com\/es\/wp-json\/wp\/v2\/pages\/14150\/revisions"}],"wp:attachment":[{"href":"https:\/\/ageworth.com\/es\/wp-json\/wp\/v2\/media?parent=14150"}],"wp:term":[{"taxonomy":"categorieen","embeddable":true,"href":"https:\/\/ageworth.com\/es\/wp-json\/wp\/v2\/categorieen?post=14150"}],"curies":[{"name":"wp","href":"https:\/\/api.w.org\/{rel}","templated":true}]}}